
{"id":11336,"date":"2023-03-31T07:31:39","date_gmt":"2023-03-31T07:31:39","guid":{"rendered":"https:\/\/lenard.tech\/producto\/astm-d3512\/"},"modified":"2023-08-30T14:26:57","modified_gmt":"2023-08-30T14:26:57","slug":"astm-d35122022","status":"publish","type":"product","link":"https:\/\/lenard.tech\/fr\/producto\/astm-d35122022\/","title":{"rendered":"ASTM D3512:2022"},"content":{"rendered":"<section class=\"wpb-content-wrapper\"><p>[vc_row][vc_column][vc_column_text woodmart_inline=&#8221;no&#8221; text_larger=&#8221;no&#8221;]<\/p>\n<p id=\"tw-target-text\" class=\"tw-data-text tw-text-large tw-ta\" dir=\"ltr\" data-placeholder=\"Traducci\u00f3n\"><span class=\"Y2IQFc\" lang=\"fr\">M\u00c9THODE D&#8217;ESSAI STANDARD POUR LA R\u00c9SISTANCE AU BOUCLAGE ET \u00c0 D&#8217;AUTRES CHANGEMENTS DE SURFACE CONNEXES DES TISSUS TEXTILE\u00a0: TESTEUR DE BOUCHE AL\u00c9ATOIRE<\/span><\/p>\n<p>[\/vc_column_text][\/vc_column][\/vc_row][vc_row][vc_column][vc_tta_tabs][vc_tta_section title=&#8221;D\u00c9FINITION&#8221; tab_id=&#8221;1686235121192-68c17052-34d2&#8243;][vc_column_text woodmart_inline=&#8221;no&#8221; text_larger=&#8221;no&#8221;]Cette m\u00e9thode d&#8217;essai couvre la d\u00e9termination de la propension d&#8217;un tissu \u00e0 boulocher et d&#8217;autres changements de surface connexes dans les textiles \u00e0 l&#8217;aide du Random Pill Tester.<\/p>\n<p>Certains tissus qui ont \u00e9t\u00e9 trait\u00e9s avec de la r\u00e9sine de silicone peuvent ne pas \u00eatre test\u00e9s de mani\u00e8re satisfaisante par cette proc\u00e9dure car la r\u00e9sine de silicone peut se transf\u00e9rer sur les doublures en li\u00e8ge dans la chambre de test et provoquer des r\u00e9sultats erron\u00e9s.[\/vc_column_text][\/vc_tta_section][vc_tta_section title=&#8221;R\u00c9SUM\u00c9 DE LA M\u00c9THODE DE TEST&#8221; tab_id=&#8221;1686235121204-2a937092-170f&#8221;][vc_column_text woodmart_inline=&#8221;no&#8221; text_larger=&#8221;no&#8221;]Le boulochage et d&#8217;autres changements d&#8217;aspect de surface, tels que le fuzzing, qui se produisent lors d&#8217;une utilisation normale, sont simul\u00e9s sur une machine d&#8217;essai en laboratoire. Le boulochage du tissu est provoqu\u00e9 par une action de frottement al\u00e9atoire produite en faisant culbuter les \u00e9prouvettes dans une chambre d&#8217;essai cylindrique rev\u00eatue d&#8217;un mat\u00e9riel l\u00e9g\u00e8rement abrasif. Pour former des pilleurs avec une apparence et une structure qui ressemblent \u00e0 celles produites en utilisation r\u00e9elle, de petites quantit\u00e9s de fibres de coton gris courtes sont ajout\u00e9es \u00e0 chaque chambre d&#8217;essai avec les \u00e9chantillons. Le degr\u00e9 de boulochage dans le tissu est \u00e9valu\u00e9 en comparant les \u00e9chantillons test\u00e9s \u00e0 des normes visuelles qui peuvent \u00eatre des tissus r\u00e9els ou des photographies de tissus montrant une plage de r\u00e9sistance au boulochage. La r\u00e9sistance observ\u00e9e au boulochage est rapport\u00e9e \u00e0 l&#8217;aide d&#8217;une \u00e9chelle d&#8217;\u00e9valuation arbitraire.[\/vc_column_text][\/vc_tta_section][vc_tta_section title=&#8221;APPAREIL&#8221; tab_id=&#8221;1686235213148-a99b4c88-78c8&#8243;][vc_single_image image=&#8221;8240&#8243; img_size=&#8221;FULL&#8221; alignment=&#8221;center&#8221; parallax_scroll=&#8221;no&#8221; woodmart_inline=&#8221;no&#8221;][\/vc_tta_section][vc_tta_section title=&#8221;\u00c9CHANTILLONS&#8221; tab_id=&#8221;1686235264849-03d46fca-82b5&#8243;][vc_column_text woodmart_inline=&#8221;no&#8221; text_larger=&#8221;no&#8221;]<\/p>\n<ul>\n<li>Prenez un morceau de tissu cha\u00eene et trame largeur de 1 yd [1 m] de long le long de la lisi\u00e8re (sens machine), apr\u00e8s avoir d&#8217;abord enlev\u00e9 une longueur de 1 yd [1 m].<\/li>\n<li>Les \u00e9chantillons peuvent \u00eatre lav\u00e9s ou nettoy\u00e9s \u00e0 sec avant de couper les \u00e9chantillons d&#8217;essai, en utilisant des conditions appropri\u00e9es \u00e0 l&#8217;utilisation finale du tissu ou des conditions convenues par toutes les parties concern\u00e9es.<\/li>\n<li>Couper les sp\u00e9cimens en carr\u00e9s de 105 mm [4,13 po](45\u00ba par rapport aux directions de cha\u00eene).Prenez les \u00e9chantillons espac\u00e9s. \u00c9vitez les zones avec des rides et autres distorsions<\/li>\n<li>3 \u00e9prouvettes sont toutes pr\u00e9lev\u00e9es sur le m\u00eame \u00e9chantillon.<\/li>\n<\/ul>\n<p>[\/vc_column_text][\/vc_tta_section][vc_tta_section title=&#8221;\u00c9VALUATION&#8221; tab_id=&#8221;1686235292396-88fa82c8-f5d4&#8243;][vc_single_image image=&#8221;8241&#8243; img_size=&#8221;MEDIUM&#8221; alignment=&#8221;center&#8221; style=&#8221;vc_box_shadow_3d&#8221; onclick=&#8221;link_image&#8221; parallax_scroll=&#8221;no&#8221; woodmart_inline=&#8221;no&#8221;][vc_column_text woodmart_inline=&#8221;no&#8221; text_larger=&#8221;no&#8221;]Placez chaque \u00e9chantillon sur le ruban adh\u00e9sif double face dans l&#8217;armoire d&#8217;observation.<\/p>\n<p>\u00c0 l&#8217;aide de l&#8217;appareil d&#8217;observation, \u00e9valuez subjectivement l&#8217;apparence du visage (comme indiqu\u00e9 par les marques et apr\u00e8s les temps de culbutage respectifs) de chaque sp\u00e9cimen, en utilisant l&#8217;\u00e9chelle suivante\u00a0:<\/p>\n<p>Pour le boulochage\u00a0:<\/p>\n<p>5\u2014pas de boulochage<\/p>\n<p>4\u2014l\u00e9ger boulochage<\/p>\n<p>3\u2014boulochage mod\u00e9r\u00e9<\/p>\n<p>2\u2014boulochage s\u00e9v\u00e8re<\/p>\n<p>1\u2014boulochage tr\u00e8s important[\/vc_column_text][\/vc_tta_section][vc_tta_section title=&#8221;RAPPORT&#8221; tab_id=&#8221;1686235412617-39127f2c-e531&#8243;][vc_column_text woodmart_inline=&#8221;no&#8221; text_larger=&#8221;no&#8221;]<\/p>\n<ul>\n<li>Indiquer que les sp\u00e9cimens test\u00e9s comme indiqu\u00e9 dans la m\u00e9thode d&#8217;essai D3512. D\u00e9crivez le mat\u00e9riel ou le produit \u00e9chantillonn\u00e9 et la m\u00e9thode d&#8217;\u00e9chantillonnage utilis\u00e9e.<\/li>\n<li>Notes de chaque \u00e9chantillon individuel<\/li>\n<li>Si oui ou non les bords des \u00e9chantillons ont \u00e9t\u00e9 coll\u00e9s avec de l&#8217;adh\u00e9sif<\/li>\n<li>Si le tissu a \u00e9t\u00e9 lav\u00e9 avant le test, les conditions de lavage utilis\u00e9es<\/li>\n<li>Temps d&#8217;ex\u00e9cution<\/li>\n<li>Type de dispositif d&#8217;affichage.<\/li>\n<\/ul>\n<p>[\/vc_column_text][\/vc_tta_section][\/vc_tta_tabs][\/vc_column][\/vc_row]<\/p>\n<\/section>","protected":false},"excerpt":{"rendered":"<p><span class=\"Y2IQFc\" lang=\"fr\">M\u00c9THODE D&#8217;ESSAI STANDARD POUR LA R\u00c9SISTANCE AU BOUCLAGE ET \u00c0 D&#8217;AUTRES CHANGEMENTS DE SURFACE CONNEXES DES TISSUS TEXTILE\u00a0: TESTEUR DE BOUCHE AL\u00c9ATOIRE<\/span><\/p>\n","protected":false},"featured_media":0,"comment_status":"open","ping_status":"closed","template":"","meta":{"_mi_skip_tracking":false,"_monsterinsights_sitenote_active":false,"_monsterinsights_sitenote_note":"","_monsterinsights_sitenote_category":0},"product_cat":[884],"product_tag":[],"class_list":["post-11336","product","type-product","status-publish","hentry","product_cat-norme"],"acf":[],"_links":{"self":[{"href":"https:\/\/lenard.tech\/fr\/wp-json\/wp\/v2\/product\/11336","targetHints":{"allow":["GET"]}}],"collection":[{"href":"https:\/\/lenard.tech\/fr\/wp-json\/wp\/v2\/product"}],"about":[{"href":"https:\/\/lenard.tech\/fr\/wp-json\/wp\/v2\/types\/product"}],"replies":[{"embeddable":true,"href":"https:\/\/lenard.tech\/fr\/wp-json\/wp\/v2\/comments?post=11336"}],"wp:attachment":[{"href":"https:\/\/lenard.tech\/fr\/wp-json\/wp\/v2\/media?parent=11336"}],"wp:term":[{"taxonomy":"product_cat","embeddable":true,"href":"https:\/\/lenard.tech\/fr\/wp-json\/wp\/v2\/product_cat?post=11336"},{"taxonomy":"product_tag","embeddable":true,"href":"https:\/\/lenard.tech\/fr\/wp-json\/wp\/v2\/product_tag?post=11336"}],"curies":[{"name":"wp","href":"https:\/\/api.w.org\/{rel}","templated":true}]}}