
{"id":11339,"date":"2023-03-31T07:22:49","date_gmt":"2023-03-31T07:22:49","guid":{"rendered":"https:\/\/lenard.tech\/producto\/astm-d1424\/"},"modified":"2023-08-30T11:59:53","modified_gmt":"2023-08-30T11:59:53","slug":"astm-d1424","status":"publish","type":"product","link":"https:\/\/lenard.tech\/fr\/producto\/astm-d1424\/","title":{"rendered":"ASTM D1424:2021"},"content":{"rendered":"<section class=\"wpb-content-wrapper\"><p>[vc_row][vc_column][vc_column_text woodmart_inline=&#8221;no&#8221; text_larger=&#8221;no&#8221;]<\/p>\n<p id=\"tw-target-text\" class=\"tw-data-text tw-text-large tw-ta\" dir=\"ltr\" data-placeholder=\"Traducci\u00f3n\"><span class=\"Y2IQFc\" lang=\"fr\">M\u00c9THODE D&#8217;ESSAI NORMALIS\u00c9E POUR LA R\u00c9SISTANCE \u00c0 LA D\u00c9CHIRURE DES TISSUS PAR UN APPAREIL \u00c0 PENDULE (TYPE ELMENDORF)<\/span><\/p>\n<p>[\/vc_column_text][\/vc_column][\/vc_row][vc_row][vc_column][vc_tta_tabs][vc_tta_section title=&#8221;AVOIR POUR BUT&#8221; tab_id=&#8221;1686234479888-b694a5ab-f291&#8243;][vc_column_text woodmart_inline=&#8221;no&#8221; text_larger=&#8221;no&#8221;]Cette m\u00e9thode d&#8217;essai couvre la d\u00e9termination de la force n\u00e9cessaire pour propager une d\u00e9chirure \u00e0 partir d&#8217;une coupure dans un tissu et \u00e0 l&#8217;aide d&#8217;un appareil \u00e0 pendule descendant (type Elmendorf).<\/p>\n<p>Cette m\u00e9thode de test s&#8217;applique \u00e0 la plupart des tissus, y compris les tissus tiss\u00e9s, les couvertures superpos\u00e9es, les tissus en peluche, les couvertures et les sacs gonflables, tant que le tissu ne se d\u00e9chire pas dans le sens transversal au sens d&#8217;application de la force pendant le test.<\/p>\n<p>Pour les essais de sens de cha\u00eene des tissus tricot\u00e9s, en cha\u00eene uniquement. Il ne convient pas \u00e0 la direction de cours des tissus tricot\u00e9s cha\u00eene ou \u00e0 n&#8217;importe quelle direction de la plupart des autres tissus tricot\u00e9s.[\/vc_column_text][\/vc_tta_section][vc_tta_section title=&#8221;\u00c9CHANTILLONS&#8221; tab_id=&#8221;1686234479897-6552651f-3c95&#8243;][vc_column_text woodmart_inline=&#8221;no&#8221; text_larger=&#8221;no&#8221;]\u00c9chantillon de lot &#8211; S\u00e9lectionnez au hasard le nombre de rouleaux ou de morceaux de tissu indiqu\u00e9 dans une sp\u00e9cification du mat\u00e9riel aplicable.<\/p>\n<p>\u00c9chantillon de laboratoire : Pour les tests d&#8217;acceptation, pr\u00e9levez un \u00e9chantillon qui s&#8217;\u00e9tend sur la largeur du tissu et sur environ 1 m (1 yd) dans le sens machine \u00e0 partir de chaque rouleau ou morceau du lot d&#8217;\u00e9chantillons.<\/p>\n<p>Dans chaque unit\u00e9 d&#8217;\u00e9chantillonnage de laboratoire, pr\u00e9lever cinq sp\u00e9cimens dans les sens cha\u00eene et trame.<\/p>\n<p>Lors de la coupe d&#8217;\u00e9chantillons de tissu tiss\u00e9, veillez \u00e0 aligner les fils qui courent dans le sens court parall\u00e8lement \u00e0 la matrice de telle sorte que lorsque la fente est coup\u00e9e, la d\u00e9chirure ult\u00e9rieure se situe entre ces fils et non \u00e0 travers eux.<\/p>\n<p>Couper des sp\u00e9cimens repr\u00e9sentant une large distribution sur la largeur et la longueur, et de pr\u00e9f\u00e9rence le long de la diagonale du sp\u00e9cimen de laboratoire, et pas plus pr\u00e8s du bord qu&#8217;un dixi\u00e8me de sa largeur.[\/vc_column_text][\/vc_tta_section][vc_tta_section title=&#8221;PR\u00c9PARATION ET CALIBRAGE&#8221; tab_id=&#8221;1686234569702-bad0f979-5a79&#8243;][vc_column_text woodmart_inline=&#8221;no&#8221; text_larger=&#8221;no&#8221;]S\u00e9lectionnez le rang de force de l&#8217;instrument de test de sorte que le d\u00e9chirement se produise entre 20 et 80 % ou 20 et 60 % du rang de l\u2019echelle compl\u00e8te, selon le cas.<\/p>\n<p>La pression manom\u00e9trique maximale ne doit pas d\u00e9passer 620 kPa (90 psi) et la pression manom\u00e9trique minimale ne doit pas \u00eatre inf\u00e9rieure \u00e0 410 kPa (60 psi).[\/vc_column_text][\/vc_tta_section][vc_tta_section title=&#8221;CONDITIONNEMENT&#8221; tab_id=&#8221;1686234608850-49944aa3-5e8f&#8221;][vc_column_text woodmart_inline=&#8221;no&#8221; text_larger=&#8221;no&#8221;]<\/p>\n<ul>\n<li>Conditionner les \u00e9prouvettes en les amenant \u00e0 un \u00e9quilibre hydrique approximatif dans l&#8217;atmosph\u00e8re standard de conditionnement des textiles comme indiqu\u00e9 dans la Pratique D1776<\/li>\n<li>Test de conditionnement des \u00e9chantillons humides :<br \/>\nLorsque des traitements de d\u00e9sencollage sont sp\u00e9cifi\u00e9s avant l&#8217;essai humide, utiliser des traitements de d\u00e9sencollage qui n&#8217;affectent pas les propri\u00e9t\u00e9s physiques normales du tissu comme indiqu\u00e9 dans la m\u00e9thode d&#8217;essai D629.<\/li>\n<\/ul>\n<p>[\/vc_column_text][\/vc_tta_section][vc_tta_section title=&#8221;M\u00c9THODE&#8221; tab_id=&#8221;1686234642607-10704c13-e54e&#8221;][vc_column_text woodmart_inline=&#8221;no&#8221; text_larger=&#8221;no&#8221;]<\/p>\n<ul>\n<li>Testez les cylindres conditionn\u00e9s dans l&#8217;atmosph\u00e8re standard. Sph\u00e8re pour tester les textiles, soit 21 \u00b1 1 \u00b0C (70 \u00b1 2 \u00b0F) et 65 \u00b1 2 % d&#8217;humidit\u00e9 relative<\/li>\n<li>Placez le pendule dans la position de d\u00e9part et le m\u00e9canisme de registre de force dans sa position de force nulle.<\/li>\n<\/ul>\n<p>Pour les \u00e9prouvettes fendues (coupe en fente)<\/p>\n<ul>\n<li>Placer les c\u00f4t\u00e9s longs de l&#8217;\u00e9chantillon au centre des pinces<\/li>\n<li>Fermez les pinces, en fixant l&#8217;\u00e9chantillon avec approximativement la m\u00eame tension sur les deux pinces.<\/li>\n<\/ul>\n<p>L&#8217;\u00e9prouvette doit \u00eatre libre avec son sommet dirig\u00e9 vers le pendule pour assurer une action de cisaillement.<\/p>\n<ul>\n<li>\u00c0 l&#8217;aide de la lame int\u00e9gr\u00e9e, coupez une fente (fente) de 20 mm (0,787 po) dans l&#8217;\u00e9chantillon s&#8217;\u00e9tendant du bord inf\u00e9rieur, en laissant un reste de tissu de 43,0.\u00b10,15 mm (1,69 \u00b1 0,005 po) restant \u00e0 d\u00e9chirer.<\/li>\n<\/ul>\n<p>Pour les \u00e9chantillons pr\u00e9d\u00e9coup\u00e9s ou d\u00e9coup\u00e9s \u00e0 la main\u00a0:<\/p>\n<ul>\n<li>Si une matrice non fendue est utilis\u00e9e, coupez manuellement une fente (fente) de 20 mm (0,787 po) de long au centre d&#8217;un bord de la direction longitudinale de l&#8217;\u00e9chantillon.<\/li>\n<li>Placez les c\u00f4t\u00e9s parall\u00e8les et non fendus de l&#8217;\u00e9chantillon dans les pinces avec le bord inf\u00e9rieur plac\u00e9 soigneusement contre les but\u00e9es, le bord sup\u00e9rieur parall\u00e8le au haut de la pince et la fente situ\u00e9e au centre entre les pinces.<\/li>\n<li>Fermez les pinces, en fixant l&#8217;\u00e9chantillon avec approximativement la m\u00eame tension sur les deux pinces.<\/li>\n<\/ul>\n<p>Pour tester des \u00e9chantillons humides\u00a0:<\/p>\n<ul>\n<li>Retirez un \u00e9chantillon de l&#8217;eau et montez-le imm\u00e9diatement sur la machine d&#8217;essai dans le r\u00e9glage normal. Effectuez le test dans les 2 minutes suivant le retrait du cylindre de l&#8217;eau.<\/li>\n<li>Appuyez sur la but\u00e9e du pendule jusqu&#8217;\u00e0 sa limite et maintenez-la jusqu&#8217;\u00e0 ce que la d\u00e9chirure soit compl\u00e8te et que le pendule ait termin\u00e9 son oscillation vers l&#8217;avant.<\/li>\n<li>Il rattrape le pendule juste apr\u00e8s le seuil de son oscillation arri\u00e8re et revient \u00e0 sa position verrouill\u00e9e initiale.<\/li>\n<\/ul>\n<p>Retirez l&#8217;\u00e9chantillon de d\u00e9chirure et continuez jusqu&#8217;\u00e0 ce que cinq d\u00e9chirures aient \u00e9t\u00e9 enregistr\u00e9es pour chaque direction de test et condition de test.[\/vc_column_text][\/vc_tta_section][vc_tta_section title=&#8221;CALCULS&#8221; tab_id=&#8221;1686234701743-bafd86ae-94a9&#8243;][vc_column_text woodmart_inline=&#8221;no&#8221; text_larger=&#8221;no&#8221;]Calculer la r\u00e9sistance \u00e0 la d\u00e9chirure en tant que force de d\u00e9chirure moyenne pour chaque direction de test et condition de test pour l&#8217;unit\u00e9 d&#8217;\u00e9chantillonnage de laboratoire et pour le lot, au 1\u00a0% le plus proche de la pleine \u00e9chelle en cN, (gf) ou lbf. .[\/vc_column_text][\/vc_tta_section][vc_tta_section title=&#8221;RAPPORT&#8221; tab_id=&#8221;1686234725979-ed63127e-5e8f&#8221;][vc_column_text woodmart_inline=&#8221;no&#8221; text_larger=&#8221;no&#8221;]<\/p>\n<ul>\n<li>Signalez que la r\u00e9sistance \u00e0 la d\u00e9chirure Elmendorf a \u00e9t\u00e9 d\u00e9termin\u00e9e comme indiqu\u00e9 dans la m\u00e9thode d&#8217;essai D1424.<\/li>\n<li>Indiquez les informations suivantes pour chaque unit\u00e9 d&#8217;\u00e9chantillonnage de laboratoire et pour le lot, selon qu&#8217;elles s&#8217;appliquent \u00e0 une sp\u00e9cification de mat\u00e9riau ou \u00e0 une commande contractuelle.<\/li>\n<li>R\u00e9sistance \u00e0 la d\u00e9chirure Elmendorf pour chaque direction de test et condition de test, comme demand\u00e9.<\/li>\n<li>Condition d&#8217;essai (avec ou sans mouillage).<\/li>\n<li>Nombre d&#8217;essais rejet\u00e9s en raison d&#8217;une d\u00e9chirure transversale.<\/li>\n<li>Lorsqu&#8217;il est calcul\u00e9, l&#8217;\u00e9cart type ou le coefficient de variation.<\/li>\n<li>Pour les donn\u00e9es trait\u00e9es par ordinateur, identifier le programme (logiciel) utilis\u00e9.<\/li>\n<li>Marque, mod\u00e8le et capacit\u00e9 de la machine d&#8217;essai.<\/li>\n<li>Type de pinces utilis\u00e9es, manuelles ou pneumatiques (y compris la pression).<\/li>\n<\/ul>\n<p>[\/vc_column_text][\/vc_tta_section][\/vc_tta_tabs][\/vc_column][\/vc_row]<\/p>\n<\/section>","protected":false},"excerpt":{"rendered":"<p><span class=\"Y2IQFc\" lang=\"fr\">M\u00c9THODE D&#8217;ESSAI NORMALIS\u00c9E POUR LA R\u00c9SISTANCE \u00c0 LA D\u00c9CHIRURE DES TISSUS PAR UN APPAREIL \u00c0 PENDULE (TYPE ELMENDORF)<\/span><\/p>\n","protected":false},"featured_media":0,"comment_status":"open","ping_status":"closed","template":"","meta":{"_mi_skip_tracking":false,"_monsterinsights_sitenote_active":false,"_monsterinsights_sitenote_note":"","_monsterinsights_sitenote_category":0},"product_cat":[884],"product_tag":[],"class_list":["post-11339","product","type-product","status-publish","hentry","product_cat-norme"],"acf":[],"_links":{"self":[{"href":"https:\/\/lenard.tech\/fr\/wp-json\/wp\/v2\/product\/11339","targetHints":{"allow":["GET"]}}],"collection":[{"href":"https:\/\/lenard.tech\/fr\/wp-json\/wp\/v2\/product"}],"about":[{"href":"https:\/\/lenard.tech\/fr\/wp-json\/wp\/v2\/types\/product"}],"replies":[{"embeddable":true,"href":"https:\/\/lenard.tech\/fr\/wp-json\/wp\/v2\/comments?post=11339"}],"wp:attachment":[{"href":"https:\/\/lenard.tech\/fr\/wp-json\/wp\/v2\/media?parent=11339"}],"wp:term":[{"taxonomy":"product_cat","embeddable":true,"href":"https:\/\/lenard.tech\/fr\/wp-json\/wp\/v2\/product_cat?post=11339"},{"taxonomy":"product_tag","embeddable":true,"href":"https:\/\/lenard.tech\/fr\/wp-json\/wp\/v2\/product_tag?post=11339"}],"curies":[{"name":"wp","href":"https:\/\/api.w.org\/{rel}","templated":true}]}}