
{"id":12416,"date":"2023-07-04T11:29:19","date_gmt":"2023-07-04T11:29:19","guid":{"rendered":"https:\/\/lenard.tech\/?post_type=product&#038;p=12416"},"modified":"2023-09-29T13:25:02","modified_gmt":"2023-09-29T13:25:02","slug":"gamme-de-couleurs-antistatiques","status":"publish","type":"product","link":"https:\/\/lenard.tech\/fr\/producto\/gamme-de-couleurs-antistatiques\/","title":{"rendered":"Gamme de couleurs antistatiques"},"content":{"rendered":"<section class=\"wpb-content-wrapper\"><p>[vc_row][vc_column][vc_column_text woodmart_inline=&#8221;no&#8221; text_larger=&#8221;no&#8221;]Utilisation recommand\u00e9e : SUPPL\u00c9MENT V\u00caTEMENTS[\/vc_column_text]<div id=\"wd-63f391dc218a1\" class=\" wd-rs-63f391dc218a1  wd-button-wrapper text-left\"><a  class=\"btn btn-color-primary btn-style-default btn-style-rectangle btn-size-default btn-icon-pos-left\">VOIR LE FICHE<span class=\"wd-btn-icon\"><span class=\"wd-icon fas fa-paperclip\"><\/span><\/span><\/a><\/div>[vc_empty_space woodmart_hide_large=&#8221;0&#8243; woodmart_hide_medium=&#8221;0&#8243; woodmart_hide_small=&#8221;0&#8243;]<div id=\"wd-63f391e9ed06d\" class=\" wd-rs-63f391e9ed06d  wd-button-wrapper text-left\"><a  class=\"btn btn-color-primary btn-style-default btn-style-rectangle btn-size-default btn-icon-pos-left\">SOLUTIONS CONTRE L&#039;ARC \u00c9LECTRIQUE<span class=\"wd-btn-icon\"><span class=\"wd-icon fas fa-paperclip\"><\/span><\/span><\/a><\/div>[\/vc_column][\/vc_row]<\/p>\n<\/section>","protected":false},"excerpt":{"rendered":"<p>Gamme de couleurs<\/p>\n","protected":false},"featured_media":0,"comment_status":"closed","ping_status":"closed","template":"","meta":{"_mi_skip_tracking":false,"_monsterinsights_sitenote_active":false,"_monsterinsights_sitenote_note":"","_monsterinsights_sitenote_category":0},"product_cat":[812],"product_tag":[1688,1462,2162,2520,2585,2953,2587],"class_list":["post-12416","product","type-product","status-publish","hentry","product_cat-complements-fr","product_tag-antistatic-fr","product_tag-antiestatico-fr","product_tag-complemento-fr","product_tag-colores-fr","product_tag-colores-generos-de-punto-fr","product_tag-gamme-de-couleurs","product_tag-gama-de-colores-fr","pa_origen-lenard-europe-fr","pa_origen-lenard-amerique"],"acf":[],"_links":{"self":[{"href":"https:\/\/lenard.tech\/fr\/wp-json\/wp\/v2\/product\/12416","targetHints":{"allow":["GET"]}}],"collection":[{"href":"https:\/\/lenard.tech\/fr\/wp-json\/wp\/v2\/product"}],"about":[{"href":"https:\/\/lenard.tech\/fr\/wp-json\/wp\/v2\/types\/product"}],"replies":[{"embeddable":true,"href":"https:\/\/lenard.tech\/fr\/wp-json\/wp\/v2\/comments?post=12416"}],"wp:attachment":[{"href":"https:\/\/lenard.tech\/fr\/wp-json\/wp\/v2\/media?parent=12416"}],"wp:term":[{"taxonomy":"product_cat","embeddable":true,"href":"https:\/\/lenard.tech\/fr\/wp-json\/wp\/v2\/product_cat?post=12416"},{"taxonomy":"product_tag","embeddable":true,"href":"https:\/\/lenard.tech\/fr\/wp-json\/wp\/v2\/product_tag?post=12416"}],"curies":[{"name":"wp","href":"https:\/\/api.w.org\/{rel}","templated":true}]}}