
{"id":13889,"date":"2023-08-30T11:26:35","date_gmt":"2023-08-30T11:26:35","guid":{"rendered":"https:\/\/lenard.tech\/?post_type=product&#038;p=13889"},"modified":"2023-08-30T14:24:32","modified_gmt":"2023-08-30T14:24:32","slug":"ansi-1072020","status":"publish","type":"product","link":"https:\/\/lenard.tech\/fr\/producto\/ansi-1072020\/","title":{"rendered":"ANSI 107:2020"},"content":{"rendered":"<section class=\"wpb-content-wrapper\"><p>[vc_row][vc_column][vc_column_text woodmart_inline=&#8221;no&#8221; text_larger=&#8221;no&#8221;]<\/p>\n<p id=\"tw-target-text\" class=\"tw-data-text tw-text-large tw-ta\" dir=\"ltr\" data-placeholder=\"Traducci\u00f3n\"><strong>V\u00caTEMENTS DE S\u00c9CURIT\u00c9 DE HAUTE VISIBILIT\u00c9<\/strong><\/p>\n<p>[\/vc_column_text][\/vc_column][\/vc_row][vc_row][vc_column][vc_tta_tabs][vc_tta_section title=&#8221;OBJECTIF&#8221; tab_id=&#8221;1686234479888-b694a5ab-f291&#8243;][vc_column_text woodmart_inline=&#8221;no&#8221; text_larger=&#8221;no&#8221;]Cette norme sp\u00e9cifie les exigences de performance des v\u00eatements de s\u00e9curit\u00e9 en haute visibilit\u00e9. Aux fins de la pr\u00e9sente norme, le terme \u00ab\u00a0v\u00eatements de s\u00e9curit\u00e9 \u00e0 haute visibilit\u00e9 (HVSA)\u00a0\u00bb doit \u00eatre utilis\u00e9 pour d\u00e9signer les v\u00eatements EPI destin\u00e9s \u00e0 fournir une visibilit\u00e9 \u00e0 l&#8217;utilisateur dans des situations dangereuses dans toutes les conditions d&#8217;\u00e9clairage pendant la journ\u00e9e et sous l&#8217;\u00e9clairage des phares des v\u00e9hicules dans l&#8217;obscurit\u00e9 ou d&#8217;autres conditions de faible luminosit\u00e9.<\/p>\n<p>Sont incluses les exigences de performance pour la couleur, la r\u00e9tror\u00e9flexion, les propri\u00e9t\u00e9s physiques et les surfaces minimales pour les mat\u00e9riaux de performance de fond, r\u00e9tror\u00e9fl\u00e9chissants et combin\u00e9s, ainsi que les configurations de mat\u00e9riaux recommand\u00e9es. Des m\u00e9thodes de test sont fournies dans la norme pour garantir qu&#8217;un niveau minimum de visibilit\u00e9 est maintenu lorsque les v\u00eatements subissent des proc\u00e9dures d&#8217;entretien continu. Ces sp\u00e9cifications peuvent prescrire une grande vari\u00e9t\u00e9 de HVSA professionnelles, mais ne devraient pas s&#8217;appliquer aux \u00e9quipements de protection contre les incendies.[\/vc_column_text][\/vc_tta_section][vc_tta_section title=&#8221;TYPES D&#8217;EPI HT&#8221; tab_id=&#8221;1686234479897-6552651f-3c95&#8243;][vc_column_text woodmart_inline=&#8221;no&#8221; text_larger=&#8221;no&#8221;]Les types HVSA sont d\u00e9sign\u00e9s par l&#8217;environnement de travail dans lequel l&#8217;utilisateur effectue une t\u00e2che. Les v\u00eatements comprennent, mais sans s&#8217;y limiter, les v\u00eatements tels que les gilets, les vestes, les pantalons, les chemises, les v\u00eatements de pluie et les combinaisons.<\/p>\n<ul>\n<li>Tapez O<\/li>\n<li>HVSA professionnel pour une utilisation hors route<\/li>\n<li>Type\u00a0R (&#8220;autoroute&#8221;)\u00a0: HVSA professionnelle pour utilisation sur autoroute<\/li>\n<li>Type\u00a0P (&#8220;s\u00e9curit\u00e9 publique&#8221;)\u00a0: HVSA professionnelle pour les intervenants d&#8217;urgence et d&#8217;incident et le personnel charg\u00e9 de l&#8217;application de la loi<\/li>\n<\/ul>\n<p>[\/vc_column_text][\/vc_tta_section][vc_tta_section title=&#8221;COURS DE PERFORMANCE&#8221; tab_id=&#8221;1686234569702-bad0f979-5a79&#8243;][vc_column_text woodmart_inline=&#8221;no&#8221; text_larger=&#8221;no&#8221;]Les classes de performance pr\u00e9sentes dans chaque type de HVSA sont sp\u00e9cifi\u00e9es en termes de surface minimale de mat\u00e9riaux \u00e0 haute visibilit\u00e9 \u00e0 incorporer. Les classes de performance offrent une gamme d&#8217;options de conception qui correspondent aux besoins de l&#8217;utilisateur dans l&#8217;environnement de risque pr\u00e9vu. Le type O comprend une classe de performance, et le type R et le type P ont chacun deux classes de performance.<\/p>\n<ul>\n<li>Classe de performance 1 (Type O) diff\u00e9rencier visuellement le porteur des environnements de travail non complexes, dans des sc\u00e9narios o\u00f9 les risques d&#8217;\u00eatre heurt\u00e9 ne seront pas abord\u00e9s \u00e0 des vitesses d&#8217;autoroute et donc \u00e0 des distances de d\u00e9tection et d&#8217;identification op\u00e9rationnelles.<\/li>\n<li>Classe de performance 2 (type R ou P)cela peut permettre des opportunit\u00e9s de conception pour d\u00e9finir plus efficacement la forme humaine. Le HVSA de classe de performance 2 a le potentiel de fournir des distances de d\u00e9tection et d&#8217;identification plus longues et des performances de visibilit\u00e9 sup\u00e9rieures par rapport au HVSA de classe de performance 1.<\/li>\n<li>Classe de performance 3 (type R ou P) peut offrir une visibilit\u00e9 accrue au porteur \u00e0 la fois dans des arri\u00e8re-plans complexes et \u00e0 travers une gamme compl\u00e8te de mouvements corporels gr\u00e2ce au placement obligatoire de mat\u00e9riaux de fond, r\u00e9tror\u00e9fl\u00e9chissants et de performance combin\u00e9e sur les manches et les jambes du pantalon (le cas \u00e9ch\u00e9ant). Quel que soit le domaine des mat\u00e9riaux utilis\u00e9s, un v\u00eatement sans manches ou un gilet seul ne sera pas consid\u00e9r\u00e9 comme une classe de performance 3.<br \/>\nLes pantalons, salopettes, shorts et leggings seront d\u00e9sign\u00e9s comme appartenant \u00e0 la classe E. Ils ne doivent pas \u00eatre port\u00e9s seuls dans le but de r\u00e9pondre aux exigences d&#8217;EPI HVSA.<\/li>\n<li>Les pantalons, combinaisons, shorts et leggings seront d\u00e9sign\u00e9s classe E. Ils ne doivent pas \u00eatre port\u00e9s seuls dans le but de r\u00e9pondre aux exigences en mati\u00e8re d&#8217;EPI et seront class\u00e9s classe 3.<\/li>\n<\/ul>\n<p>[\/vc_column_text][\/vc_tta_section][vc_tta_section title=&#8221;DESIGN\/ERGONOMIE&#8221; tab_id=&#8221;1686234608850-49944aa3-5e8f&#8221;][vc_column_text woodmart_inline=&#8221;no&#8221; text_larger=&#8221;no&#8221;]<\/p>\n<ul>\n<li>Les parties du v\u00eatement qui entrent en contact avec l&#8217;utilisateur final doivent \u00eatre exemptes de bords rugueux, d&#8217;ar\u00eates vives et de projections susceptibles de provoquer des irritations ou des blessures.<\/li>\n<li>Le v\u00eatement doit \u00eatre con\u00e7u pour un ajustement et un positionnement corrects sur le porteur et doit \u00eatre con\u00e7u pour garantir qu&#8217;il reste en place pendant la dur\u00e9e de port pr\u00e9vue.<\/li>\n<\/ul>\n<p>Configurations de v\u00eatements d&#8217;information[\/vc_column_text][vc_single_image image=&#8221;13893&#8243; img_size=&#8221;FULL&#8221; alignment=&#8221;center&#8221; parallax_scroll=&#8221;no&#8221; woodmart_inline=&#8221;no&#8221;][vc_single_image image=&#8221;13897&#8243; img_size=&#8221;FULL&#8221; alignment=&#8221;center&#8221; parallax_scroll=&#8221;no&#8221; woodmart_inline=&#8221;no&#8221;][vc_column_text woodmart_inline=&#8221;no&#8221; text_larger=&#8221;no&#8221;]GENERALITES<\/p>\n<p>HVSA int\u00e9grera les surfaces mat\u00e9rielles minimales sp\u00e9cifi\u00e9es dans le tableau 1.[\/vc_column_text][vc_single_image image=&#8221;13901&#8243; img_size=&#8221;FULL&#8221; alignment=&#8221;center&#8221; parallax_scroll=&#8221;no&#8221; woodmart_inline=&#8221;no&#8221;][vc_column_text woodmart_inline=&#8221;no&#8221; text_larger=&#8221;no&#8221;]<\/p>\n<ul>\n<li>Les mat\u00e9riaux r\u00e9tror\u00e9fl\u00e9chissants de performance horizontaux ou combin\u00e9s doivent \u00eatre positionn\u00e9s \u00e0 au moins 50 mm (2 pouces) au-dessus du bas de l&#8217;ourlet du torse, des manches longues et des pantalons longs.<\/li>\n<li>les bras ou les jambes doivent les entourer de mani\u00e8re \u00e0 fournir une visibilit\u00e9 \u00e0 360\u00b0 du porteur sous tous les angles de vue dans un plan horizontal<\/li>\n<li>Les bandes seront plac\u00e9es entre le coude et l&#8217;\u00e9paule. Les bandes inf\u00e9rieures peuvent \u00eatre plac\u00e9es entre le coude et le poignet, mais doivent \u00eatre \u00e0 au moins 50 mm (2 pouces) au-dessus du bas de la manche.<\/li>\n<li>Les espaces dans les mat\u00e9riaux r\u00e9tror\u00e9fl\u00e9chissants ne doivent pas d\u00e9passer 50 mm (2 pouces) horizontalement pour permettre la fixation ou la marge de couture.<\/li>\n<li>Visibilit\u00e9 \u00e0 360\u00b0. Les mat\u00e9riaux de fond et de performance mixte ou r\u00e9tror\u00e9fl\u00e9chissants pour tous les types de v\u00eatements et classes de performance doivent \u00eatre plac\u00e9s sur les articles de mani\u00e8re \u00e0 fournir une visibilit\u00e9 \u00e0 360\u00b0 du porteur sous tous les angles de vue sur un plan horizontal.<\/li>\n<li>Classe de fabrication 1. Cette bande doit entourer compl\u00e8tement le torse et doit avoir une largeur minimale de 25 mm (1 pouce).<\/li>\n<li>Classe de fabrication 2. Cette bande doit entourer compl\u00e8tement le torse et doit mesurer au moins 35 mm (1,38 po) de largeur pour le Type R et 50 mm (2 po) de largeur pour le Type P. De plus, elle doit mesurer au moins 150 cm\u00b2 (23,3 en\u00b2). pr\u00e9sent dans la zone des \u00e9paules pour les EPI HV o\u00f9 les bandes environnantes ne sont pas pr\u00e9sentes sur les manches.<\/li>\n<li>Classe de fabrication 3. Cette bande doit entourer compl\u00e8tement le torse et chaque bras et doit avoir une largeur minimale de 50 mm (2 pouces).<\/li>\n<li>Classe de fabrication E. Cette bande encerclera compl\u00e8tement chaque jambe et aura une largeur minimale de 50 mm (2 pouces).<\/li>\n<\/ul>\n<p>Utilisation des mat\u00e9riaux et \u00e9quilibre de conception:<\/p>\n<ul>\n<li>Les v\u00eatements doivent \u00eatre d&#8217;une conception \u00e9quilibr\u00e9e telle qu&#8217;au moins 40 % de la quantit\u00e9 minimale requise de mat\u00e9riaux de fond et r\u00e9tror\u00e9fl\u00e9chissants ou de performances combin\u00e9es sp\u00e9cifi\u00e9s dans le tableau 1 soient pr\u00e9sents sur le devant et le dos lorsqu&#8217;ils sont port\u00e9s \u00e0 plat.<\/li>\n<li>Zone des \u00e9paules<\/li>\n<li>L&#8217;EPI HV sans mat\u00e9riau de performance r\u00e9tror\u00e9fl\u00e9chissant ou mixte entourant le bras doit avoir un minimum de 150 cm2 (23,3 po2) de mat\u00e9riau de performance r\u00e9tror\u00e9fl\u00e9chissant ou mixte dans la zone des \u00e9paules pour fournir une visibilit\u00e9 \u00e0 180\u00b0 du porteur<\/li>\n<li>Exigences relatives aux mat\u00e9riaux r\u00e9tror\u00e9fl\u00e9chissants de fond et \u00e0 performances combin\u00e9es<\/li>\n<li>Couleur : (voir tableau des coordonn\u00e9es)<\/li>\n<\/ul>\n<p>[\/vc_column_text][vc_single_image image=&#8221;13905&#8243; img_size=&#8221;FULL&#8221; alignment=&#8221;center&#8221; parallax_scroll=&#8221;no&#8221; woodmart_inline=&#8221;no&#8221;][vc_column_text woodmart_inline=&#8221;no&#8221; text_larger=&#8221;no&#8221;]<\/p>\n<p id=\"tw-target-text\" class=\"tw-data-text tw-text-large tw-ta\" dir=\"ltr\" data-placeholder=\"Traducci\u00f3n\"><span class=\"Y2IQFc\" lang=\"fr\">Exigences relatives aux mat\u00e9riaux r\u00e9tror\u00e9fl\u00e9chissants de fond et \u00e0 performances combin\u00e9es<\/span><\/p>\n<p class=\"tw-data-text tw-text-large tw-ta\" dir=\"ltr\" style=\"padding-left: 40px;\" data-placeholder=\"Traducci\u00f3n\"><span class=\"Y2IQFc\" lang=\"fr\"> \u2022 Couleur\u00a0:(Reportez-vous au tableau de coordonn\u00e9es.)<\/span><\/p>\n<p>[\/vc_column_text][vc_single_image image=&#8221;13909&#8243; img_size=&#8221;FULL&#8221; alignment=&#8221;center&#8221; parallax_scroll=&#8221;no&#8221; woodmart_inline=&#8221;no&#8221;][vc_column_text woodmart_inline=&#8221;no&#8221; text_larger=&#8221;no&#8221;]La valeur moyenne du facteur de luminance total et les coordonn\u00e9es de chromaticit\u00e9 de la performance combin\u00e9e et du mat\u00e9riau de fond doivent r\u00e9pondre aux exigences du tableau ci-dessus<\/p>\n<p>La solidit\u00e9 des couleurs des mat\u00e9riaux de fond et de performance combin\u00e9s apr\u00e8s le test au x\u00e9non doit se situer dans l&#8217;une des zones d\u00e9finies par les coordonn\u00e9es du tableau 2 et le facteur de luminance total (Y exprim\u00e9 en pourcentage) ne doit pas \u00eatre inf\u00e9rieur aux valeurs minimales correspondantes dans le tableau pr\u00e9c\u00e9dent<\/p>\n<p>La solidit\u00e9 des couleurs au durcissement, \u00e0 la fois humide et sec, doit \u00eatre d&#8217;au moins 3,0 sur l&#8217;\u00e9chelle de gris.<\/p>\n<p>La solidit\u00e9 des couleurs \u00e0 la transpiration doit \u00eatre d&#8217;au moins 4,0 pour le changement de couleur sur l&#8217;\u00e9chelle de gris<\/p>\n<p>Solidit\u00e9 de la couleur : Les sp\u00e9cimens lav\u00e9s doivent \u00eatre s\u00e9ch\u00e9s \u00e0 l&#8217;air libre \u00e0 une temp\u00e9rature ne d\u00e9passant pas 60 \u00b0C (140 \u00b0F) avec les pi\u00e8ces en contact uniquement au niveau des coutures.[\/vc_column_text][vc_single_image image=&#8221;13913&#8243; img_size=&#8221;FULL&#8221; alignment=&#8221;center&#8221; parallax_scroll=&#8221;no&#8221; woodmart_inline=&#8221;no&#8221;][vc_column_text woodmart_inline=&#8221;no&#8221; text_larger=&#8221;no&#8221;]<\/p>\n<ul>\n<li>Retrait apr\u00e8s 5 cycles de nettoyage selon les normes d&#8217;application. Ne pas d\u00e9passer \u00b1 4 % en longueur et \u00b1 4 % en largeur pour les tissus. Le changement dimensionnel du mat\u00e9riau de base ne doit pas d\u00e9passer \u00b1 7 % en longueur et \u00b1 5 % en largeur pour les tricots et tous les autres mat\u00e9riaux.<\/li>\n<\/ul>\n<ul>\n<li>Propri\u00e9t\u00e9s m\u00e9caniques des mat\u00e9riaux du fond<br \/>\nLa r\u00e9sistance \u00e0 l&#8217;\u00e9clatement doit \u00eatre de 178 N (18,1 kgf; 40 lbf) conform\u00e9ment \u00e0 la norme ASTM D3787-07 (2016)<br \/>\nLa r\u00e9sistance \u00e0 la d\u00e9chirure sera test\u00e9e conform\u00e9ment \u00e0 la norme ASTM D1424-09 (2019) avec une exigence minimale de 13 N (1,3 kg, 2,92 lbf) dans les deux sens.<br \/>\nR\u00e9sistance \u00e0 l&#8217;eau : Test de pluie avec un r\u00e9glage de hauteur de pression de 0,6 m (24 po) et un jet d&#8217;eau continu pendant 2 minutes. La p\u00e9n\u00e9tration moyenne de l&#8217;eau sera inf\u00e9rieure ou \u00e9gale \u00e0 1,0 gramme.<br \/>\nTest de pression hydrostatique avec de l&#8217;eau sur la face avant avec une exigence minimale de 200 cm (79 po) \u00e0 l&#8217;origine et apr\u00e8s cinq lavages.<br \/>\nPerm\u00e9abilit\u00e9 \u00e0 la vapeur d&#8217;eau : selon la norme ASTM E96-16 (vertical pour microporeux) avec une exigence minimale d&#8217;au moins 600 g\/m2\/24 heures (1,94 oz.\/ft2\/24 heures) ; o Proc\u00e9dure BW- (invers\u00e9 pour hydrophile) avec une exigence minimale d&#8217;au moins 3 600 g\/m2\/24 heures (11,79 oz\/ft2\/24 heures).<\/li>\n<\/ul>\n<ul>\n<li>Exigences de performances physiques et photom\u00e9triques pour les mat\u00e9riaux r\u00e9tror\u00e9fl\u00e9chissants<br \/>\nLes mat\u00e9riaux r\u00e9tror\u00e9fl\u00e9chissants doivent satisfaire aux exigences du tableau 4, avant les expositions d&#8217;essai.<\/li>\n<\/ul>\n<p>[\/vc_column_text][vc_gallery interval=&#8221;3&#8243; images=&#8221;13917&#8243; img_size=&#8221;FULL&#8221;][\/vc_tta_section][vc_tta_section title=&#8221;ESSAIS&#8221; tab_id=&#8221;1686234642607-10704c13-e54e&#8221;][vc_column_text woodmart_inline=&#8221;no&#8221; text_larger=&#8221;no&#8221;]<\/p>\n<ul>\n<li>Tests pour les mat\u00e9riaux r\u00e9tror\u00e9fl\u00e9chissants avant et apr\u00e8s l&#8217;exposition au test<\/li>\n<li>Conditionnement 24H 20\u00baC 65% HR<\/li>\n<li>Les \u00e9prouvettes seront pr\u00e9lev\u00e9es au hasard. Trois \u00e9chantillons doivent \u00eatre pr\u00e9lev\u00e9s pour prouver la conformit\u00e9 aux exigences minimales. La moyenne des trois sp\u00e9cimens doit r\u00e9pondre \u00e0 l&#8217;exigence minimale.<\/li>\n<li>La d\u00e9termination de la couleur sera mesur\u00e9e conform\u00e9ment \u00e0 la norme ASTM E1164-17.<\/li>\n<li>M\u00e9thode de d\u00e9termination des performances photom\u00e9triques r\u00e9tror\u00e9fl\u00e9chissantes<\/li>\n<li>Elle sera d\u00e9termin\u00e9e selon la proc\u00e9dure d\u00e9finie dans la norme ASTM E808-01 (2016). Pour les mat\u00e9riaux segment\u00e9s ou perfor\u00e9s test\u00e9s seuls, le mat\u00e9riau de base doit avoir un RA inf\u00e9rieur \u00e0 0,5. Les mesures seront prises sur des \u00e9chantillons carr\u00e9s de 10 cm x 10 cm (4 pouces x 4 pouces).<\/li>\n<li>Les \u00e9chantillons seront mesur\u00e9s apr\u00e8s 5000 cycles, en utilisant un poids de 9 kPa [1,3 lb\/in2].<\/li>\n<li>Flexion : conforme \u00e0 la norme ISO 7854:1995. Les sp\u00e9cimens seront mesur\u00e9s apr\u00e8s 7500 cycles.<\/li>\n<li>Pliage \u00e0 basse temp\u00e9rature<\/li>\n<li>Exposition aux variations de temp\u00e9rature<\/li>\n<li>Lavage, nettoyage \u00e0 sec<\/li>\n<li>Performances r\u00e9tror\u00e9fl\u00e9chissantes humides<\/li>\n<li>R\u00e9sistance \u00e0 la flamme\u00a0: Doit satisfaire pleinement aux exigences de l&#8217;une des sp\u00e9cifications ou normes suivantes\u00a0:\u00a0ASTM F1506-19,ASTM F1891-19,ASTM F2302-19,ASTM F 2733-17,NFPA 1977,NFPA 2112.<\/li>\n<\/ul>\n<p>[\/vc_column_text][\/vc_tta_section][vc_tta_section title=&#8221;R\u00c9SISTANCE \u00c0 LA FLAMME&#8221; tab_id=&#8221;1686234701743-bafd86ae-94a9&#8243;][vc_column_text woodmart_inline=&#8221;no&#8221; text_larger=&#8221;no&#8221;]Les fabricants peuvent choisir de faire tester HVSA pour la r\u00e9sistance aux flammes et marqu\u00e9s en cons\u00e9quence. HVSA marqu\u00e9 comme r\u00e9sistant au feu doit r\u00e9pondre aux exigences de l&#8217;une des sp\u00e9cifications ou normes suivantes dans son int\u00e9gralit\u00e9\u00a0:<\/p>\n<ul>\n<li>V\u00eatements r\u00e9sistants aux arcs et aux flammes ASTM F1891-19<\/li>\n<li>ASTM F2302-19 V\u00eatements de protection contre la chaleur ou les flammes nues.<\/li>\n<li>ASTM F2733-17 V\u00eatements imperm\u00e9ables r\u00e9sistants au feu.<\/li>\n<li>NFPA 1977-16 V\u00eatements pour la lutte contre les incendies de for\u00eat.<\/li>\n<li>NFPA 2112-18 V\u00eatements r\u00e9sistants au feu pour la protection du personnel industriel.<\/li>\n<\/ul>\n<p>[\/vc_column_text][\/vc_tta_section][vc_tta_section title=&#8221;MARQU\u00c9&#8221; tab_id=&#8221;1686234725979-ed63127e-5e8f&#8221;][vc_column_text woodmart_inline=&#8221;no&#8221; text_larger=&#8221;no&#8221;]<\/p>\n<ul>\n<li>Sur le produit lui-m\u00eame ou sur des \u00e9tiquettes attach\u00e9es au produit ; appos\u00e9 de fa\u00e7on permanente de fa\u00e7on \u00e0 ce qu&#8217;il soit visible et lisible\u00a0; Durable pour le bon nombre de processus de nettoyage.<\/li>\n<li>Nom, marque commerciale ou autre moyen d&#8217;identification du fabricant ou de son repr\u00e9sentant autoris\u00e9 ;<\/li>\n<li>D\u00e9signation du nom commercial ou du code du type de produit\u00a0;<\/li>\n<li>D\u00e9signation de la taille\u00a0;<\/li>\n<li>Num\u00e9ro de cette norme ANSI sp\u00e9cifique (ANSI\/ISEA 107-2020)\u00a0;<\/li>\n<li>La d\u00e9claration concernant la r\u00e9sistance aux flammes doit inclure les lettres FR suivies de la d\u00e9signation de la sp\u00e9cification ASTM utilis\u00e9e pour \u00e9valuer la r\u00e9sistance aux flammes.<\/li>\n<li>Attachez une \u00e9tiquette distincte indiquant la certification NFPA 1977 ou 2112.<\/li>\n<li>Si aucune des sp\u00e9cifications ou normes de r\u00e9sistance aux flammes, ce v\u00eatement n&#8217;est pas ignifuge tel que d\u00e9fini par la section 107-2020 de l&#8217;ANSI\/ISEA.<\/li>\n<li>Pictogramme indiquant le type HVSA, la classe de performance et l&#8217;\u00e9tat de r\u00e9sistance \u00e0 la flamme.<\/li>\n<li>Mode d&#8217;emploi<\/li>\n<li>Information produit<\/li>\n<li>Avertissements n\u00e9cessaires en cas d&#8217;utilisation abusive.<\/li>\n<li>Limites d&#8217;utilisation.<\/li>\n<li>Stockage<\/li>\n<li>Le nombre de processus de nettoyage<\/li>\n<\/ul>\n<p>[\/vc_column_text][vc_single_image image=&#8221;13925&#8243; img_size=&#8221;FULL&#8221; alignment=&#8221;center&#8221; parallax_scroll=&#8221;no&#8221; woodmart_inline=&#8221;no&#8221;][\/vc_tta_section][\/vc_tta_tabs][\/vc_column][\/vc_row]<\/p>\n<\/section>","protected":false},"excerpt":{"rendered":"<p><strong>V\u00caTEMENTS DE S\u00c9CURIT\u00c9 DE HAUTE VISIBILIT\u00c9<\/strong><\/p>\n","protected":false},"featured_media":0,"comment_status":"open","ping_status":"closed","template":"","meta":{"_mi_skip_tracking":false,"_monsterinsights_sitenote_active":false,"_monsterinsights_sitenote_note":"","_monsterinsights_sitenote_category":0},"product_cat":[884],"product_tag":[],"class_list":["post-13889","product","type-product","status-publish","hentry","product_cat-norme"],"acf":[],"_links":{"self":[{"href":"https:\/\/lenard.tech\/fr\/wp-json\/wp\/v2\/product\/13889","targetHints":{"allow":["GET"]}}],"collection":[{"href":"https:\/\/lenard.tech\/fr\/wp-json\/wp\/v2\/product"}],"about":[{"href":"https:\/\/lenard.tech\/fr\/wp-json\/wp\/v2\/types\/product"}],"replies":[{"embeddable":true,"href":"https:\/\/lenard.tech\/fr\/wp-json\/wp\/v2\/comments?post=13889"}],"wp:attachment":[{"href":"https:\/\/lenard.tech\/fr\/wp-json\/wp\/v2\/media?parent=13889"}],"wp:term":[{"taxonomy":"product_cat","embeddable":true,"href":"https:\/\/lenard.tech\/fr\/wp-json\/wp\/v2\/product_cat?post=13889"},{"taxonomy":"product_tag","embeddable":true,"href":"https:\/\/lenard.tech\/fr\/wp-json\/wp\/v2\/product_tag?post=13889"}],"curies":[{"name":"wp","href":"https:\/\/api.w.org\/{rel}","templated":true}]}}