
{"id":15226,"date":"2024-05-21T10:50:10","date_gmt":"2024-05-21T10:50:10","guid":{"rendered":"https:\/\/lenard.tech\/?post_type=product&#038;p=15226"},"modified":"2024-06-21T10:07:04","modified_gmt":"2024-06-21T10:07:04","slug":"fils-fr-3-50-nm-tex-easy-works","status":"publish","type":"product","link":"https:\/\/lenard.tech\/fr\/producto\/fils-fr-3-50-nm-tex-easy-works\/","title":{"rendered":"Fils FR Easy Works"},"content":{"rendered":"<section class=\"wpb-content-wrapper\"><p>[vc_row][vc_column][vc_column_text woodmart_inline=&#8221;no&#8221; text_larger=&#8221;no&#8221;]Utilisation recommand\u00e9e : SUPPL\u00c9MENT V\u00caTEMENTS[\/vc_column_text]<div id=\"wd-63f391dc218a1\" class=\" wd-rs-63f391dc218a1  wd-button-wrapper text-left\"><a  class=\"btn btn-color-primary btn-style-default btn-style-rectangle btn-size-default btn-icon-pos-left\">VER LA FICHA<span class=\"wd-btn-icon\"><span class=\"wd-icon fas fa-paperclip\"><\/span><\/span><\/a><\/div>[vc_empty_space woodmart_hide_large=&#8221;0&#8243; woodmart_hide_medium=&#8221;0&#8243; woodmart_hide_small=&#8221;0&#8243;]<div id=\"wd-63f391e9ed06d\" class=\" wd-rs-63f391e9ed06d  wd-button-wrapper text-left\"><a  class=\"btn btn-color-primary btn-style-default btn-style-rectangle btn-size-default btn-icon-pos-left\">SOLUTIONS CONTRE L&#039;ARC \u00c9LECTRIQUE<span class=\"wd-btn-icon\"><span class=\"wd-icon fas fa-paperclip\"><\/span><\/span><\/a><\/div>[\/vc_column][\/vc_row]<\/p>\n<\/section>","protected":false},"excerpt":{"rendered":"<p>Fils a coudre<\/p>\n","protected":false},"featured_media":0,"comment_status":"closed","ping_status":"closed","template":"","meta":{"_mi_skip_tracking":false,"_monsterinsights_sitenote_active":false,"_monsterinsights_sitenote_note":"","_monsterinsights_sitenote_category":0},"product_cat":[812],"product_tag":[2995,2992,2989,2983,2586,2162,2520,2585,2630,2587,2631,1801,1479,1574,1809,1910,1498],"class_list":["post-15226","product","type-product","status-publish","hentry","product_cat-complements-fr","product_tag-2-85-fr","product_tag-3-40-fr","product_tag-3-50-fr","product_tag-3-70-fr","product_tag-colores-waterproof-3","product_tag-complemento-fr","product_tag-colores-fr","product_tag-colores-generos-de-punto-fr","product_tag-hilos-fr","product_tag-gama-de-colores-fr","product_tag-hilos-de-coser-fr","product_tag-m-aramida-fr","product_tag-ignifugo-fr","product_tag-p-aramida-fr","product_tag-tecvin-fr","product_tag-valen-t-fr","product_tag-xispal-fr","pa_origen-lenard-europe-fr","pa_origen-lenard-amerique"],"acf":[],"_links":{"self":[{"href":"https:\/\/lenard.tech\/fr\/wp-json\/wp\/v2\/product\/15226","targetHints":{"allow":["GET"]}}],"collection":[{"href":"https:\/\/lenard.tech\/fr\/wp-json\/wp\/v2\/product"}],"about":[{"href":"https:\/\/lenard.tech\/fr\/wp-json\/wp\/v2\/types\/product"}],"replies":[{"embeddable":true,"href":"https:\/\/lenard.tech\/fr\/wp-json\/wp\/v2\/comments?post=15226"}],"wp:attachment":[{"href":"https:\/\/lenard.tech\/fr\/wp-json\/wp\/v2\/media?parent=15226"}],"wp:term":[{"taxonomy":"product_cat","embeddable":true,"href":"https:\/\/lenard.tech\/fr\/wp-json\/wp\/v2\/product_cat?post=15226"},{"taxonomy":"product_tag","embeddable":true,"href":"https:\/\/lenard.tech\/fr\/wp-json\/wp\/v2\/product_tag?post=15226"}],"curies":[{"name":"wp","href":"https:\/\/api.w.org\/{rel}","templated":true}]}}