
{"id":16177,"date":"2024-12-16T15:50:39","date_gmt":"2024-12-16T15:50:39","guid":{"rendered":"https:\/\/lenard.tech\/?post_type=product&#038;p=16177"},"modified":"2025-01-14T11:47:46","modified_gmt":"2025-01-14T11:47:46","slug":"en-61482-1-22015","status":"publish","type":"product","link":"https:\/\/lenard.tech\/fr\/producto\/en-61482-1-22015\/","title":{"rendered":"EN 61482-1-2:2015"},"content":{"rendered":"<section class=\"wpb-content-wrapper\"><p>[vc_row woodmart_css_id=&#8221;64770fff47a07&#8243; responsive_spacing=&#8221;eyJwYXJhbV90eXBlIjoid29vZG1hcnRfcmVzcG9uc2l2ZV9zcGFjaW5nIiwic2VsZWN0b3JfaWQiOiI2NDc3MGZmZjQ3YTA3Iiwic2hvcnRjb2RlIjoidmNfcm93IiwiZGF0YSI6eyJ0YWJsZXQiOnt9LCJtb2JpbGUiOnt9fX0=&#8221; mobile_bg_img_hidden=&#8221;no&#8221; tablet_bg_img_hidden=&#8221;no&#8221; woodmart_parallax=&#8221;0&#8243; woodmart_gradient_switch=&#8221;no&#8221; woodmart_box_shadow=&#8221;no&#8221; wd_z_index=&#8221;no&#8221; woodmart_disable_overflow=&#8221;0&#8243; row_reverse_mobile=&#8221;0&#8243; row_reverse_tablet=&#8221;0&#8243;][vc_column][vc_column_text woodmart_inline=&#8221;no&#8221; text_larger=&#8221;no&#8221;]<strong>V\u00caTEMENTS DE PROTECTION CONTRE L\u2019ARC \u00c9L\u00c9CTRIQUE. BOX TEST<\/strong>[\/vc_column_text][\/vc_column][\/vc_row][vc_row][vc_column][vc_tta_tabs title_tag=&#8221;h3&#8243; section_title_tag=&#8221;h3&#8243; style=&#8221;modern&#8221; color=&#8221;white&#8221; active_section=&#8221;1&#8243; no_fill_content_area=&#8221;true&#8221;][vc_tta_section title=&#8221;PORT\u00c9E&#8221; tab_id=&#8221;1685522856905-7d802a20-a20a&#8221; el_class=&#8221;Bold&#8221;][vc_column_text woodmart_inline=&#8221;no&#8221; text_larger=&#8221;no&#8221;]Cette partie de la norme indique la proc\u00e9dure \u00e0 suivre pour tester les mat\u00e9riaux et v\u00eatements r\u00e9sistants \u00e0 la chaleur et aux flammes lorsqu&#8217;il existe un risque d&#8217;arc \u00e9lectrique utilisant un arc \u00e9lectrique limit\u00e9 et dirig\u00e9 pour classer le mat\u00e9riau et les v\u00eatements en 2 classes de protection d\u00e9crites dans la norme EN 61482-1-1.[\/vc_column_text][\/vc_tta_section][vc_tta_section title=&#8221;D\u00c9FINITIONS&#8221; tab_id=&#8221;1685522856916-22531c7c-aaf1&#8243;][vc_column_text woodmart_inline=&#8221;no&#8221; text_larger=&#8221;no&#8221;]-Intensit\u00e9 de l\u2019Arc Iarc : Intensit\u00e9 r\u00e9elle qui circule dans le circuit pendant la dur\u00e9e de l&#8217;arc exprim\u00e9e en kA effectif.<\/p>\n<p>-\u00c9nergie de l&#8217;arc Warc : Somme de la tension instantan\u00e9e de l&#8217;arc multipli\u00e9e par l&#8217;intensit\u00e9 instantan\u00e9e de l&#8217;arc multipli\u00e9e par les incr\u00e9ments de temps de la dur\u00e9e de l&#8217;arc exprim\u00e9s en kJ ou kW\u00b7s.<\/p>\n<p>-Intervalle d&#8217;arc\u00a0: distance entre les \u00e9lectrodes d&#8217;arc<\/p>\n<p>-protection thermique contre l&#8217;arc : pour les v\u00eatements, la performance thermique de l&#8217;arc est obtenue en \u00e9valuant le temps de combustion, la formation des trous, la fusion et le fonctionnement des \u00e9l\u00e9ments de fixation ainsi que des accessoires.<\/p>\n<p>-Tension d&#8217;arc : exprim\u00e9e en V.<\/p>\n<p>-Delta temp\u00e9rature maximale \u0394Tp : Diff\u00e9rence entre la temp\u00e9rature maximale et la temp\u00e9rature initiale du capteur pendant le temps d&#8217;exposition exprim\u00e9e en \u00baC.<\/p>\n<p>-\u00c9nergie incidente d&#8217;exposition directe, Ei0 : \u00c9nergie thermique ou incidente re\u00e7ue par un calorim\u00e8tre et \u00e9mise par l&#8217;arc \u00e9lectrique exprim\u00e9e en kJ\/m2 ou kW\u00b7s\/m2 (cal\/cm2).<\/p>\n<p>-Arc \u00e9lectrique : Conduction gazeuse dans laquelle les \u00e9lectrons constituent la majorit\u00e9 des porteurs de charge produits par \u00e9mission \u00e9lectronique primaire.<\/p>\n<p>&nbsp;<\/p>\n<p>-Flux thermique : C&#8217;est la quantit\u00e9 d&#8217;\u00e9nergie transmise par unit\u00e9 de surface et de temps exprim\u00e9e en kW\/m2.<\/p>\n<p>-\u00c9nergie incidente, Ei : Chaleur totale re\u00e7ue par unit\u00e9 de surface suite \u00e0 un arc \u00e9lectrique exprim\u00e9e en kJ\/m2 ou kW\u00b7s\/m2 (cal\/cm2).<\/p>\n<p>-Courant de court-circuit attendu : Courant attendu qui circulera lorsque les \u00e9lectrodes \u00e0 arc seront connect\u00e9es par un conducteur exprim\u00e9 en kA rms.<\/p>\n<p>-Courbe de Stoll : C&#8217;est un mod\u00e8le empirique permettant de pr\u00e9dire les br\u00fblures cutan\u00e9es du 2\u00e8me degr\u00e9 en mettant en relation la quantit\u00e9 d&#8217;\u00e9nergie thermique transf\u00e9r\u00e9e aux tissus humides et le temps d&#8217;exposition.<\/p>\n<p>-Intensit\u00e9 du test, Iclass : Intensit\u00e9 du court-circuit attendu exprim\u00e9e en kA rms.<\/p>\n<p>-Temps jusqu&#8217;\u00e0 la temp\u00e9rature delta maximale, tmax : Temps exprim\u00e9 en secondes, depuis le d\u00e9but de l&#8217;amor\u00e7age de l&#8217;arc jusqu&#8217;\u00e0 ce que la temp\u00e9rature delta maximale soit atteinte.<\/p>\n<p>-\u00c9nergie transmise, Eit : \u00c9nergie incidente qu&#8217;un calorim\u00e8tre re\u00e7oit lors du test d&#8217;un v\u00eatement ou d&#8217;un mat\u00e9riau exprim\u00e9e en kJ\/m2 ou kW\u00b7s\/m2 (cal\/cm2).[\/vc_column_text][\/vc_tta_section][vc_tta_section title=&#8221;PROC\u00c9DURE POUR LES MAT\u00c9RIAUX&#8221; tab_id=&#8221;1685522905490-667bc0bb-5e1a&#8221;][vc_column_text woodmart_inline=&#8221;no&#8221; text_larger=&#8221;no&#8221;]La quantit\u00e9 d&#8217;\u00e9nergie thermique transf\u00e9r\u00e9e par les mat\u00e9riaux plats pendant et apr\u00e8s l&#8217;exposition \u00e0 l&#8217;arc \u00e9lectrique est mesur\u00e9e.<\/p>\n<p>Ces donn\u00e9es seront utilis\u00e9es pour \u00e9valuer l&#8217;incidence des br\u00fblures au deuxi\u00e8me degr\u00e9 \u00e0 l&#8217;aide de la courbe de Stoll.<\/p>\n<p>La distance entre l&#8217;\u00e9lectrode et la plaque d&#8217;essai doit \u00eatre de 300 \u00b1 5 mm et l&#8217;intervalle entre les \u00e9lectrodes doit \u00eatre de 30 \u00b1 1 mm.<\/p>\n<p>La plaque d&#8217;essai doit \u00eatre faite d&#8217;un mat\u00e9riau non conducteur r\u00e9sistant \u00e0 la chaleur de 400 x 400 \u00b1 10 mm d&#8217;une \u00e9paisseur minimale de 10 mm.<\/p>\n<p>L&#8217;\u00e9chantillon \u00e0 tester aura une longueur de 500 mm \u00b1 10 mm et une coupe de 500 \u00b1 10 mm de large en fonction de la longueur et de la largeur du mat\u00e9riau. 4 \u00e9chantillons seront analys\u00e9s. Si l&#8217;un d&#8217;entre eux ne r\u00e9pond pas aux crit\u00e8res d&#8217;acceptation, un cinqui\u00e8me \u00e9chantillon sera test\u00e9. Pas plus de 5 \u00e9chantillons peuvent \u00eatre pr\u00e9lev\u00e9s.<\/p>\n<p>Les \u00e9chantillons doivent \u00eatre pr\u00e9trait\u00e9s par pr\u00e9-nettoyage selon les instructions du fabricant ou 5 cycles de lavage et de s\u00e9chage. Ensuite, ils doivent \u00eatre conditionn\u00e9s entre 18 et 28 \u00baC avec une humidit\u00e9 relative de 45 \u00e0 75 % au moins 24 h.<\/p>\n<p>Les \u00e9chantillons seront pli\u00e9s autour de la plaque d&#8217;essai en position plate. Le mat\u00e9riau sera fix\u00e9 \u00e0 l&#8217;arri\u00e8re de la plaque en assurant un contact optimal avec la plaque sans la pr\u00e9sence d&#8217;air entre l&#8217;\u00e9chantillon et le calorim\u00e8tre.[\/vc_column_text][\/vc_tta_section][vc_tta_section title=&#8221;PROC\u00c9DURE POUR LES V\u00caTEMENTS&#8221; tab_id=&#8221;1736855220900-8106aa1c-fdb8&#8243;][vc_column_text woodmart_inline=&#8221;no&#8221; text_larger=&#8221;no&#8221;]Dans cet essai, les flux thermiques ne seront pas mesur\u00e9s.<\/p>\n<p>Un mannequin sera utilis\u00e9 pour tester les v\u00eatements dont la partie sup\u00e9rieure correspond au torse et doit \u00eatre positionn\u00e9e de telle mani\u00e8re que le point m\u00e9dian de la zone du sternum soit align\u00e9 horizontalement et verticalement avec l&#8217;intervalle des \u00e9lectrodes.<\/p>\n<p>La distance entre le fant\u00f4me et l&#8217;\u00e9lectrode doit \u00eatre de 300 \u00b1 5 mm.<\/p>\n<p>Si le test porte sur des v\u00eatements de bas, un mannequin comportant des hanches et des jambes peut \u00eatre utilis\u00e9 en utilisant le centre de la plage d&#8217;\u00e9lectrodes au niveau de l&#8217;entrejambe.<\/p>\n<p>Si d\u2019autres parties des v\u00eatements pr\u00e9sentent un int\u00e9r\u00eat, elles peuvent \u00eatre test\u00e9es sur une plaque de test plate.<\/p>\n<p>Le circuit doit avoir la capacit\u00e9 de fournir une source presque constante de tension alternative et de courant de court-circuit. 50 et 60 Hz sont autoris\u00e9s pour le courant alternatif.<\/p>\n<p>Un fil fusible connect\u00e9 aux extr\u00e9mit\u00e9s des \u00e9lectrodes oppos\u00e9es doit \u00eatre utilis\u00e9 et sera consomm\u00e9 pendant le test. Ce fil sera en cuivre d&#8217;un diam\u00e8tre maximum de 0,5 mm.<\/p>\n<p>&nbsp;<\/p>\n<p>Caract\u00e9ristiques de l&#8217;arc :<\/p>\n<p>-Tension d&#8217;essai\u00a0: 400\u00a0V \u00b1 5\u00a0% de courant alternatif<\/p>\n<p>-Intensit\u00e9 du test Iclasse : pour la classe 1, 4 kA \u00b1 5% et pour la classe 2, 7 kA \u00b1 5%<\/p>\n<p>-Dur\u00e9e de l&#8217;arc : 500 ms \u00b1 5%<\/p>\n<p>-Fr\u00e9quence : 50 \u00b1 0,1 Hz ou 60 \u00b1 0,12 Hz<\/p>\n<p>La fr\u00e9quence d&#8217;\u00e9chantillonnage doit \u00eatre d&#8217;au moins 5 kHz<\/p>\n<p>La temp\u00e9rature doit \u00eatre prise avec un \u00e9chantillonnage minimum de 5 ms par canal pendant 30 s avec une r\u00e9solution de 0,1 \u00baC.<\/p>\n<p>Le v\u00eatement doit \u00eatre confectionn\u00e9 avec toutes ses inclusions standards, fermetures \u00e9clair et poches. Ce v\u00eatement sera pr\u00e9trait\u00e9 selon les instructions du fabricant bas\u00e9es sur des proc\u00e9d\u00e9s standardis\u00e9s. Si aucune notice n\u2019est pr\u00e9cis\u00e9e, le test sera effectu\u00e9 apr\u00e8s 5 cycles de lavage et s\u00e9chage.<\/p>\n<p>L&#8217;\u00e9chantillon sera conditionn\u00e9 pendant au moins 24 heures \u00e0 18-28 \u00baC avec une humidit\u00e9 relative comprise entre 45 et 75 % et sera test\u00e9 dans les 5 minutes suivant le conditionnement.<\/p>\n<p>Au moins 1 \u00e9chantillon de v\u00eatement sera test\u00e9. Des \u00e9chantillons suppl\u00e9mentaires seront n\u00e9cessaires au cas o\u00f9 l&#8217;\u00e9nergie de l&#8217;arc pendant les d\u00e9charges serait hors de port\u00e9e.<\/p>\n<p>Le test sera effectu\u00e9 \u00e0 une temp\u00e9rature ambiante comprise entre 15 et 35 \u00baC avec une humidit\u00e9 relative de 25 \u00e0 75 %.[\/vc_column_text][\/vc_tta_section][vc_tta_section title=&#8221;R\u00c9SULTATS&#8221; tab_id=&#8221;1685522925803-967944e9-6499&#8243;][vc_column_text woodmart_inline=&#8221;no&#8221; text_larger=&#8221;no&#8221;]\u00c9nergie incidente Ei\u00a0: sera calcul\u00e9e en multipliant la temp\u00e9rature de pointe delta par la constante du capteur 5,52 kJ\/m2 \u00baC. L&#8217;\u00e9nergie incidente d&#8217;exposition directe Ei0 et les 4 valeurs de l&#8217;\u00e9nergie transmise Eit doivent \u00eatre d\u00e9termin\u00e9es, ainsi que la valeur moyenne des 4 valeurs Eit et son intervalle de confiance \u00e0 95%.<\/p>\n<p>R\u00e9ponse du capteur en fonction de la courbe de Stoll : la courbe de Stoll doit \u00eatre superpos\u00e9e au trac\u00e9 des 4 couples de valeurs (Eit et temps jusqu&#8217;au pic de temp\u00e9rature delta tmax) et \u00e9galement au trac\u00e9 des 4 courbes de chaleur Eit (t) de l\u2019\u00e9nergie incidente transmise.<\/p>\n<p>Une inspection visuelle sera effectu\u00e9e une fois les \u00e9chantillons refroidis.<\/p>\n<p>Le test sera consid\u00e9r\u00e9 comme R\u00c9USSI lorsque :<\/p>\n<p>-Le mat\u00e9riau du v\u00eatement a r\u00e9ussi le test des mat\u00e9riaux<\/p>\n<p>-Le v\u00eatement est conforme : le temps de combustion est inf\u00e9rieur ou \u00e9gal \u00e0 5 \u200b\u200bs ; pas de fusion \u00e0 travers la face int\u00e9rieure\u00a0; il n&#8217;y a pas de trous de plus de 5 mm dans la couche la plus interne. Les accessoires n\u2019auront aucune influence n\u00e9gative sur les r\u00e9sultats.[\/vc_column_text][\/vc_tta_section][\/vc_tta_tabs][\/vc_column][\/vc_row]<\/p>\n<\/section>","protected":false},"excerpt":{"rendered":"<p><strong>V\u00caTEMENTS DE PROTECTION CONTRE L\u2019ARC \u00c9L\u00c9CTRIQUE. BOX TEST<\/strong><\/p>\n","protected":false},"featured_media":0,"comment_status":"open","ping_status":"closed","template":"","meta":{"_mi_skip_tracking":false,"_monsterinsights_sitenote_active":false,"_monsterinsights_sitenote_note":"","_monsterinsights_sitenote_category":0},"product_cat":[884],"product_tag":[],"class_list":["post-16177","product","type-product","status-publish","hentry","product_cat-norme"],"acf":[],"_links":{"self":[{"href":"https:\/\/lenard.tech\/fr\/wp-json\/wp\/v2\/product\/16177","targetHints":{"allow":["GET"]}}],"collection":[{"href":"https:\/\/lenard.tech\/fr\/wp-json\/wp\/v2\/product"}],"about":[{"href":"https:\/\/lenard.tech\/fr\/wp-json\/wp\/v2\/types\/product"}],"replies":[{"embeddable":true,"href":"https:\/\/lenard.tech\/fr\/wp-json\/wp\/v2\/comments?post=16177"}],"wp:attachment":[{"href":"https:\/\/lenard.tech\/fr\/wp-json\/wp\/v2\/media?parent=16177"}],"wp:term":[{"taxonomy":"product_cat","embeddable":true,"href":"https:\/\/lenard.tech\/fr\/wp-json\/wp\/v2\/product_cat?post=16177"},{"taxonomy":"product_tag","embeddable":true,"href":"https:\/\/lenard.tech\/fr\/wp-json\/wp\/v2\/product_tag?post=16177"}],"curies":[{"name":"wp","href":"https:\/\/api.w.org\/{rel}","templated":true}]}}