
{"id":16181,"date":"2024-12-17T07:54:17","date_gmt":"2024-12-17T07:54:17","guid":{"rendered":"https:\/\/lenard.tech\/?post_type=product&#038;p=16181"},"modified":"2026-03-12T11:24:36","modified_gmt":"2026-03-12T11:24:36","slug":"une-en-iso-50772008-errantum-2008","status":"publish","type":"product","link":"https:\/\/lenard.tech\/fr\/producto\/une-en-iso-50772008-errantum-2008\/","title":{"rendered":"UNE-EN ISO 5077:2008 Errantum 2008"},"content":{"rendered":"<section class=\"wpb-content-wrapper\"><p>[vc_row woodmart_css_id=&#8221;64770fff47a07&#8243; responsive_spacing=&#8221;eyJwYXJhbV90eXBlIjoid29vZG1hcnRfcmVzcG9uc2l2ZV9zcGFjaW5nIiwic2VsZWN0b3JfaWQiOiI2NDc3MGZmZjQ3YTA3Iiwic2hvcnRjb2RlIjoidmNfcm93IiwiZGF0YSI6eyJ0YWJsZXQiOnt9LCJtb2JpbGUiOnt9fX0=&#8221; mobile_bg_img_hidden=&#8221;no&#8221; tablet_bg_img_hidden=&#8221;no&#8221; woodmart_parallax=&#8221;0&#8243; woodmart_gradient_switch=&#8221;no&#8221; woodmart_box_shadow=&#8221;no&#8221; wd_z_index=&#8221;no&#8221; woodmart_disable_overflow=&#8221;0&#8243; row_reverse_mobile=&#8221;0&#8243; row_reverse_tablet=&#8221;0&#8243;][vc_column][vc_column_text woodmart_inline=&#8221;no&#8221; text_larger=&#8221;no&#8221;]TEXTILES. D\u00c9TERMINATION DES VARIATIONS DIMENSIONNELLES LORS DU LAVAGE ET DU S\u00c9CHAGE[\/vc_column_text][\/vc_column][\/vc_row][vc_row][vc_column][vc_tta_tabs title_tag=&#8221;h3&#8243; section_title_tag=&#8221;h3&#8243; style=&#8221;modern&#8221; color=&#8221;white&#8221; active_section=&#8221;1&#8243; no_fill_content_area=&#8221;true&#8221;][vc_tta_section title=&#8221;OBJET&#8221; tab_id=&#8221;1685522856905-7d802a20-a20a&#8221; el_class=&#8221;Bold&#8221;][vc_column_text woodmart_inline=&#8221;no&#8221; text_larger=&#8221;no&#8221;]Cette norme sp\u00e9cifie une m\u00e9thode pour d\u00e9terminer les variations dimensionnelles des tissus, v\u00eatements et autres articles textiles soumis \u00e0 des proc\u00e9dures de lavage et de s\u00e9chage. Pour les articles textiles et les mat\u00e9riaux d\u00e9formables, prenez toutes les pr\u00e9cautions n\u00e9cessaires pour interpr\u00e9ter les r\u00e9sultats.[\/vc_column_text][\/vc_tta_section][vc_tta_section title=&#8221;MAT\u00c9RIAUX ET \u00c9QUIPEMENTS&#8221; tab_id=&#8221;1685522856916-22531c7c-aaf1&#8243;][vc_column_text woodmart_inline=&#8221;no&#8221; text_larger=&#8221;no&#8221;]Les dispositifs et r\u00e9actifs n\u00e9cessaires sont sp\u00e9cifi\u00e9s dans les normes ISO 3759 et ISO 6330[\/vc_column_text][\/vc_tta_section][vc_tta_section title=&#8221;PROC\u00c9DURE ET R\u00c9SULTATS&#8221; tab_id=&#8221;1685522905490-667bc0bb-5e1a&#8221;][vc_column_text woodmart_inline=&#8221;no&#8221; text_larger=&#8221;no&#8221;]L&#8217;\u00e9chantillon d&#8217;essai est pr\u00e9par\u00e9 selon les sp\u00e9cifications ISO 3759. Si possible, 3 \u00e9chantillons de chaque \u00e9chantillon doivent \u00eatre utilis\u00e9s. Si vous n&#8217;avez pas assez d&#8217;\u00e9chantillons, pr\u00e9parez-en un ou deux.<\/p>\n<p>-Conditionner et mesurer les \u00e9chantillons selon les ISO 139 et ISO 3759. D\u00e9terminer correctement la longueur et la largeur initiales des sp\u00e9cimens (X<sub>0<\/sub>).<\/p>\n<p>-Laver et s\u00e9cher les \u00e9chantillons selon la norme ISO 6330.<\/p>\n<p>-Apr\u00e8s lavage et s\u00e9chage, conditionnement et mesure des \u00e9chantillons pour calculer la variation dimensionnelle selon la norme ISO 3759 (X<sub>t<\/sub>).<\/p>\n<p>R\u00c9SULTATS :<\/p>\n<p>Calcul de la variation dimensionnelle :<\/p>\n<p><a href=\"https:\/\/lenard.tech\/wp-content\/uploads\/2024\/12\/Screenshot_5.png\"><img loading=\"lazy\" decoding=\"async\" class=\"alignnone size-full wp-image-19641\" src=\"https:\/\/lenard.tech\/wp-content\/uploads\/2024\/12\/Screenshot_5.png\" alt=\"\" width=\"279\" height=\"46\" srcset=\"https:\/\/lenard.tech\/wp-content\/uploads\/2024\/12\/Screenshot_5.png 279w, https:\/\/lenard.tech\/wp-content\/uploads\/2024\/12\/Screenshot_5-150x25.png 150w\" sizes=\"auto, (max-width: 279px) 100vw, 279px\" \/><\/a><\/p>\n<p>Les r\u00e9sultats sont exprim\u00e9s avec une approximation de 0,5 % et indiquent si la dimension a r\u00e9tr\u00e9ci ou augment\u00e9 par les signes\u00a0 &#8220;- &#8221; ou\u00a0 &#8221; + &#8220;.[\/vc_column_text][\/vc_tta_section][\/vc_tta_tabs][\/vc_column][\/vc_row]<\/p>\n<\/section>","protected":false},"excerpt":{"rendered":"<p>TEXTILES. D\u00c9TERMINATION DES VARIATIONS DIMENSIONNELLES LORS DU LAVAGE ET DU S\u00c9CHAGE<\/p>\n","protected":false},"featured_media":0,"comment_status":"open","ping_status":"closed","template":"","meta":{"_mi_skip_tracking":false,"_monsterinsights_sitenote_active":false,"_monsterinsights_sitenote_note":"","_monsterinsights_sitenote_category":0},"product_cat":[884],"product_tag":[3703],"class_list":["post-16181","product","type-product","status-publish","hentry","product_cat-norme","product_tag-lenard-fr"],"acf":[],"_links":{"self":[{"href":"https:\/\/lenard.tech\/fr\/wp-json\/wp\/v2\/product\/16181","targetHints":{"allow":["GET"]}}],"collection":[{"href":"https:\/\/lenard.tech\/fr\/wp-json\/wp\/v2\/product"}],"about":[{"href":"https:\/\/lenard.tech\/fr\/wp-json\/wp\/v2\/types\/product"}],"replies":[{"embeddable":true,"href":"https:\/\/lenard.tech\/fr\/wp-json\/wp\/v2\/comments?post=16181"}],"wp:attachment":[{"href":"https:\/\/lenard.tech\/fr\/wp-json\/wp\/v2\/media?parent=16181"}],"wp:term":[{"taxonomy":"product_cat","embeddable":true,"href":"https:\/\/lenard.tech\/fr\/wp-json\/wp\/v2\/product_cat?post=16181"},{"taxonomy":"product_tag","embeddable":true,"href":"https:\/\/lenard.tech\/fr\/wp-json\/wp\/v2\/product_tag?post=16181"}],"curies":[{"name":"wp","href":"https:\/\/api.w.org\/{rel}","templated":true}]}}