
{"id":17037,"date":"2025-06-02T10:11:15","date_gmt":"2025-06-02T10:11:15","guid":{"rendered":"https:\/\/lenard.tech\/?post_type=product&#038;p=17037"},"modified":"2026-03-11T07:59:17","modified_gmt":"2026-03-11T07:59:17","slug":"ris-3279-tom-iss-2","status":"publish","type":"product","link":"https:\/\/lenard.tech\/fr\/producto\/ris-3279-tom-iss-2\/","title":{"rendered":"RIS-3279-TOM Iss 2"},"content":{"rendered":"<section class=\"wpb-content-wrapper\"><p>[vc_row woodmart_css_id=&#8221;64770fff47a07&#8243; responsive_spacing=&#8221;eyJwYXJhbV90eXBlIjoid29vZG1hcnRfcmVzcG9uc2l2ZV9zcGFjaW5nIiwic2VsZWN0b3JfaWQiOiI2NDc3MGZmZjQ3YTA3Iiwic2hvcnRjb2RlIjoidmNfcm93IiwiZGF0YSI6eyJ0YWJsZXQiOnt9LCJtb2JpbGUiOnt9fX0=&#8221; mobile_bg_img_hidden=&#8221;no&#8221; tablet_bg_img_hidden=&#8221;no&#8221; woodmart_parallax=&#8221;0&#8243; woodmart_gradient_switch=&#8221;no&#8221; woodmart_box_shadow=&#8221;no&#8221; wd_z_index=&#8221;no&#8221; woodmart_disable_overflow=&#8221;0&#8243; row_reverse_mobile=&#8221;0&#8243; row_reverse_tablet=&#8221;0&#8243;][vc_column][vc_column_text woodmart_inline=&#8221;no&#8221; text_larger=&#8221;no&#8221;]<strong>RIS-3279-TOM <\/strong><strong>HAUTE VISIBILIT\u00c9<\/strong>[\/vc_column_text][\/vc_column][\/vc_row][vc_row][vc_column][vc_tta_tabs title_tag=&#8221;h3&#8243; section_title_tag=&#8221;h3&#8243; style=&#8221;modern&#8221; color=&#8221;white&#8221; active_section=&#8221;1&#8243; no_fill_content_area=&#8221;true&#8221;][vc_tta_section title=&#8221;OBJET&#8221; tab_id=&#8221;1685522856905-7d802a20-a20a&#8221; el_class=&#8221;Bold&#8221;][vc_column_text woodmart_inline=&#8221;no&#8221; text_larger=&#8221;no&#8221;]Cette norme indique les param\u00e8tres minimums pour les v\u00eatements \u00e0 haute visibilit\u00e9 applicables \u00e0 tous les v\u00eatements \u00e0 haute visibilit\u00e9 qui doivent respecter GERT8000<\/p>\n<p>Elle s&#8217;applique \u00e0 tout le personnel travaillant pr\u00e8s de la ligne ferroviaire britannique. Vos v\u00eatements doivent r\u00e9pondre aux exigences de couleur et de luminance. Cette r\u00e8gle ne s&#8217;applique pas aux travailleurs sur le quai sauf s&#8217;ils se trouvent \u00e0 moins de 1,25 m du bord du quai.<\/p>\n<p>Si un v\u00eatement \u00e0 haute visibilit\u00e9 n&#8217;a pas assez de surface pour r\u00e9pondre aux exigences de la classe 2, il peut \u00eatre port\u00e9 tant que l&#8217;autre v\u00eatement de classe 2 n&#8217;est pas dissimul\u00e9.[\/vc_column_text][\/vc_tta_section][vc_tta_section title=&#8221;EXIGENCES&#8221; tab_id=&#8221;1685522856916-22531c7c-aaf1&#8243;][vc_column_text woodmart_inline=&#8221;no&#8221; text_larger=&#8221;no&#8221;]EXIGENCES<\/p>\n<p>Les v\u00eatements \u00e0 haute visibilit\u00e9 doivent r\u00e9pondre au moins aux exigences de classe 2 du tableau 1 de BS EN ISO 20471:2013.<\/p>\n<p>Si un v\u00eatement haute visibilit\u00e9 r\u00e9pond aux exigences de la classe 2 et que l&#8217;autre n&#8217;a pas assez de surface pour r\u00e9pondre aux exigences de la classe 2, il peut \u00eatre port\u00e9 tant que le v\u00eatement de classe 2 n&#8217;est pas dissimul\u00e9.<\/p>\n<table style=\"height: 537px;\" width=\"1439\">\n<tbody>\n<tr>\n<td width=\"200\"><strong>M\u00c9THODE D&#8217;ESSAI<\/strong><\/td>\n<td width=\"92\"><strong>NORME DE TEST<\/strong><\/td>\n<td width=\"156\"><strong>DESCRIPTION<\/strong><\/td>\n<td width=\"246\"><strong>EXIGENCES<\/strong><\/td>\n<td width=\"57\"><\/td>\n<\/tr>\n<tr>\n<td rowspan=\"2\" width=\"200\">COORDONN\u00c9ES CHROMATIQUES ET FACTEUR DE LUMINANCE.<\/td>\n<td width=\"92\">CIE 15<\/p>\n<p>&nbsp;<\/td>\n<td width=\"156\">COULEUR DU MAT\u00c9RIAU DE FOND EN \u00c9TAT NEUF<\/p>\n<p>&nbsp;<\/td>\n<td colspan=\"2\" rowspan=\"2\" width=\"303\">Couleur orange HV<\/p>\n<p>Coordonn\u00e9es et luminance x : 0,588 y : 0,371 \u03b2 min 0,4<\/p>\n<p>Dans la fourchette :<\/p>\n<p><a href=\"https:\/\/lenard.tech\/wp-content\/uploads\/2025\/06\/FRANCES.png\"><img loading=\"lazy\" decoding=\"async\" class=\"alignnone size-medium wp-image-19551\" src=\"https:\/\/lenard.tech\/wp-content\/uploads\/2025\/06\/FRANCES-400x242.png\" alt=\"\" width=\"400\" height=\"242\" srcset=\"https:\/\/lenard.tech\/wp-content\/uploads\/2025\/06\/FRANCES-400x242.png 400w, https:\/\/lenard.tech\/wp-content\/uploads\/2025\/06\/FRANCES-1300x786.png 1300w, https:\/\/lenard.tech\/wp-content\/uploads\/2025\/06\/FRANCES-768x465.png 768w, https:\/\/lenard.tech\/wp-content\/uploads\/2025\/06\/FRANCES-1536x929.png 1536w, https:\/\/lenard.tech\/wp-content\/uploads\/2025\/06\/FRANCES-860x520.png 860w, https:\/\/lenard.tech\/wp-content\/uploads\/2025\/06\/FRANCES-430x260.png 430w, https:\/\/lenard.tech\/wp-content\/uploads\/2025\/06\/FRANCES-700x423.png 700w, https:\/\/lenard.tech\/wp-content\/uploads\/2025\/06\/FRANCES-150x91.png 150w, https:\/\/lenard.tech\/wp-content\/uploads\/2025\/06\/FRANCES.png 1721w\" sizes=\"auto, (max-width: 400px) 100vw, 400px\" \/><\/a><\/td>\n<\/tr>\n<tr>\n<td width=\"92\">BS EN ISO 20471<\/td>\n<td width=\"156\">COULEUR DU MAT\u00c9RIAU DE FOND APR\u00c8S LE TEST AU X\u00c9NON<\/td>\n<\/tr>\n<tr>\n<td width=\"200\">MAT\u00c9RIAU R\u00c9TROR\u00c9FL\u00c9CHISSANT<\/td>\n<td width=\"92\">BS EN ISO 20471 Tableau 4 section 6 niveau 2<\/td>\n<td width=\"156\">Exigences physiques et photom\u00e9triques<\/td>\n<td colspan=\"2\" width=\"303\">Selon la norme BS EN ISO 20471<\/td>\n<\/tr>\n<\/tbody>\n<\/table>\n<p>[\/vc_column_text][\/vc_tta_section][vc_tta_section title=&#8221;V\u00caTEMENTS&#8221; tab_id=&#8221;1685522905490-667bc0bb-5e1a&#8221;][vc_column_text woodmart_inline=&#8221;no&#8221; text_larger=&#8221;no&#8221;]CONCEPTION DES V\u00caTEMENTS :<\/p>\n<p>Selon les exigences de conformit\u00e9 \u00e0 la classe 2 de la norme BS EN ISO 20471[\/vc_column_text][\/vc_tta_section][vc_tta_section title=&#8221;MARQUAGE ET \u00c9TIQUETAGE&#8221; tab_id=&#8221;1685522925803-967944e9-6499&#8243;][vc_column_text woodmart_inline=&#8221;no&#8221; text_larger=&#8221;no&#8221;]MARQUAGE :<\/p>\n<p><a href=\"https:\/\/lenard.tech\/wp-content\/uploads\/2024\/12\/Imagen2.png\"><img loading=\"lazy\" decoding=\"async\" class=\"alignnone size-full wp-image-19286\" src=\"https:\/\/lenard.tech\/wp-content\/uploads\/2024\/12\/Imagen2.png\" alt=\"\" width=\"110\" height=\"108\" \/><\/a>[\/vc_column_text][\/vc_tta_section][\/vc_tta_tabs][\/vc_column][\/vc_row]<\/p>\n<\/section>","protected":false},"excerpt":{"rendered":"<p><strong>RIS-3279-TOM <\/strong><strong>HAUTE VISIBILIT\u00c9<\/strong><\/p>\n","protected":false},"featured_media":0,"comment_status":"open","ping_status":"closed","template":"","meta":{"_mi_skip_tracking":false,"_monsterinsights_sitenote_active":false,"_monsterinsights_sitenote_note":"","_monsterinsights_sitenote_category":0},"product_cat":[884],"product_tag":[],"class_list":["post-17037","product","type-product","status-publish","hentry","product_cat-norme"],"acf":[],"_links":{"self":[{"href":"https:\/\/lenard.tech\/fr\/wp-json\/wp\/v2\/product\/17037","targetHints":{"allow":["GET"]}}],"collection":[{"href":"https:\/\/lenard.tech\/fr\/wp-json\/wp\/v2\/product"}],"about":[{"href":"https:\/\/lenard.tech\/fr\/wp-json\/wp\/v2\/types\/product"}],"replies":[{"embeddable":true,"href":"https:\/\/lenard.tech\/fr\/wp-json\/wp\/v2\/comments?post=17037"}],"wp:attachment":[{"href":"https:\/\/lenard.tech\/fr\/wp-json\/wp\/v2\/media?parent=17037"}],"wp:term":[{"taxonomy":"product_cat","embeddable":true,"href":"https:\/\/lenard.tech\/fr\/wp-json\/wp\/v2\/product_cat?post=17037"},{"taxonomy":"product_tag","embeddable":true,"href":"https:\/\/lenard.tech\/fr\/wp-json\/wp\/v2\/product_tag?post=17037"}],"curies":[{"name":"wp","href":"https:\/\/api.w.org\/{rel}","templated":true}]}}