
{"id":18468,"date":"2025-10-23T14:14:42","date_gmt":"2025-10-23T14:14:42","guid":{"rendered":"https:\/\/lenard.tech\/?post_type=product&#038;p=18468"},"modified":"2025-10-23T14:23:28","modified_gmt":"2025-10-23T14:23:28","slug":"une-en-iso-49202013","status":"publish","type":"product","link":"https:\/\/lenard.tech\/fr\/producto\/une-en-iso-49202013\/","title":{"rendered":"UNE-EN ISO 4920:2013"},"content":{"rendered":"<section class=\"wpb-content-wrapper\"><p>[vc_row woodmart_css_id=&#8221;64770fff47a07&#8243; responsive_spacing=&#8221;eyJwYXJhbV90eXBlIjoid29vZG1hcnRfcmVzcG9uc2l2ZV9zcGFjaW5nIiwic2VsZWN0b3JfaWQiOiI2NDc3MGZmZjQ3YTA3Iiwic2hvcnRjb2RlIjoidmNfcm93IiwiZGF0YSI6eyJ0YWJsZXQiOnt9LCJtb2JpbGUiOnt9fX0=&#8221; mobile_bg_img_hidden=&#8221;no&#8221; tablet_bg_img_hidden=&#8221;no&#8221; woodmart_parallax=&#8221;0&#8243; woodmart_gradient_switch=&#8221;no&#8221; woodmart_box_shadow=&#8221;no&#8221; wd_z_index=&#8221;no&#8221; woodmart_disable_overflow=&#8221;0&#8243; row_reverse_mobile=&#8221;0&#8243; row_reverse_tablet=&#8221;0&#8243;][vc_column][vc_column_text woodmart_inline=&#8221;no&#8221; text_larger=&#8221;no&#8221;]\u00c9toffes &#8211; D\u00e9termination de la r\u00e9sistance au mouillage superficiel (essai d&#8217;arrosage). <em>\u00c9quivalence avec les normes EN ISO 4920:2021 et ISO 4920:2012<\/em>[\/vc_column_text][\/vc_column][\/vc_row][vc_row][vc_column][vc_tta_tabs title_tag=&#8221;h3&#8243; section_title_tag=&#8221;h3&#8243; style=&#8221;modern&#8221; color=&#8221;white&#8221; active_section=&#8221;1&#8243; no_fill_content_area=&#8221;true&#8221;][vc_tta_section title=&#8221;D\u00c9FINITION&#8221; tab_id=&#8221;1685522856916-22531c7c-aaf1&#8243;][vc_column_text woodmart_inline=&#8221;no&#8221; text_larger=&#8221;no&#8221;]Cette norme sp\u00e9cifie la m\u00e9thode d&#8217;essai par pulv\u00e9risation pour d\u00e9terminer la r\u00e9sistance de tout tissu au mouillage de surface par l&#8217;eau. Ce tissu peut ou non avoir re\u00e7u un traitement hydrofuge.<\/p>\n<p>Il n&#8217;est pas applicable pour la d\u00e9termination de la r\u00e9sistance \u00e0 la p\u00e9n\u00e9tration de la pluie dans le tissu.[\/vc_column_text][\/vc_tta_section][vc_tta_section title=&#8221;FONDATION&#8221; tab_id=&#8221;1734423414478-16a05232-5834&#8243;][vc_column_text woodmart_inline=&#8221;no&#8221; text_larger=&#8221;no&#8221;]Un volume sp\u00e9cifique d&#8217;eau distill\u00e9e ou d\u00e9min\u00e9ralis\u00e9e est pulv\u00e9ris\u00e9 sur l&#8217;\u00e9chantillon, qui est plac\u00e9 dans un cadre circulaire \u00e0 45\u00ba de la verticale de sorte que son centre se trouve \u00e0 une distance sp\u00e9cifique du pulv\u00e9risateur. Le degr\u00e9 de mouillage est mesur\u00e9 en comparant visuellement l&#8217;apparence de l&#8217;\u00e9chantillon avec les motifs descriptifs et les photographies.[\/vc_column_text][\/vc_tta_section][vc_tta_section title=&#8221;DISPOSITIFS&#8221; tab_id=&#8221;1734423497285-d4728f82-ec92&#8243;][vc_column_text woodmart_inline=&#8221;no&#8221; text_larger=&#8221;no&#8221;]Dispositifs de pulv\u00e9risation : il s&#8217;agit d&#8217;un entonnoir de 150 \u00b1 5 mm de diam\u00e8tre maintenu verticalement par une rosette de pulv\u00e9risation. Celui-ci est fix\u00e9 \u00e0 l&#8217;extr\u00e9mit\u00e9 de l&#8217;entonnoir par un tube en caoutchouc de 10 mm de diam\u00e8tre (voir image)[\/vc_column_text][\/vc_tta_section][vc_tta_section title=&#8221;PROC\u00c9DURE&#8221; tab_id=&#8221;1761225997199-34925123-268e&#8221;][vc_column_text woodmart_inline=&#8221;no&#8221; text_larger=&#8221;no&#8221;]Les \u00e9prouvettes sont conditionn\u00e9es selon la norme ISO 139 minimum 4h.<\/p>\n<p>Au moins 3 \u00e9chantillons carr\u00e9s de 180 mm de c\u00f4t\u00e9 sont pr\u00e9par\u00e9s \u00e0 partir de diff\u00e9rentes zones du tissu afin qu&#8217;ils soient aussi repr\u00e9sentatifs que possible du mat\u00e9riau. Ils ne seront pas pr\u00e9par\u00e9s \u00e0 partir de zones rid\u00e9es ou avec des marques de pliage.<\/p>\n<p>Une fois conditionn\u00e9s, les \u00e9chantillons sont mont\u00e9s sur le porte-\u00e9chantillon et plac\u00e9s sur le support de mani\u00e8re \u00e0 ce que le faisceau de tissu soit orient\u00e9 vers le haut. Sauf indication contraire, la cha\u00eene doit \u00eatre parall\u00e8le \u00e0 l&#8217;eau qui s&#8217;\u00e9coule sur l&#8217;\u00e9chantillon.<\/p>\n<p>250 \u00b1 2 ml d&#8217;eau sont vers\u00e9s dans l&#8217;entonnoir rapidement et r\u00e9guli\u00e8rement afin que la pulv\u00e9risation soit continue. Cette dur\u00e9e doit \u00eatre comprise entre 25 et 30 secondes.<\/p>\n<p>Imm\u00e9diatement apr\u00e8s la pulv\u00e9risation, le porte-\u00e9chantillon est retir\u00e9 du support. Le porte-\u00e9chantillon est maintenu par le bord inf\u00e9rieur, le plan tissulaire \u00e9tant presque horizontal et le faisceau de tissu tourn\u00e9 vers le bas. Le porte-\u00e9chantillon est vigoureusement tapot\u00e9 contre un objet solide, le tissu \u00e9tant tourn\u00e9 vers l&#8217;objet. Nous tournons le porte-\u00e9chantillon de 180\u00ba et frappons \u00e0 nouveau vigoureusement.<\/p>\n<p>Imm\u00e9diatement apr\u00e8s, le degr\u00e9 d&#8217;humidit\u00e9 de la face de l&#8217;\u00e9chantillon est \u00e9valu\u00e9.<\/p>\n<p>[\/vc_column_text][\/vc_tta_section][vc_tta_section title=&#8221;\u00c9VALUATION&#8221; tab_id=&#8221;1761229254815-82140ce7-b9c5&#8243;][vc_column_text woodmart_inline=&#8221;no&#8221; text_larger=&#8221;no&#8221;]On attribue le grade qui correspond le mieux au degr\u00e9 de mouillage de l&#8217;\u00e9prouvette d\u00e9crit sur l&#8217;\u00e9chelle de mouillage (1) ou au motif de r\u00e9f\u00e9rence photographique des degr\u00e9s de mouillage (voir image). Les grades interm\u00e9diaires avec des incr\u00e9ments de 0,5 peuvent \u00eatre utilis\u00e9s pour un grade 1 selon la sp\u00e9cification ISO i AATCC 50 ou sup\u00e9rieure.<\/p>\n<ul>\n<li>Degr\u00e9s de mouillage (il est conseill\u00e9 d&#8217;utiliser cette \u00e9chelle sur les articles de couleur fonc\u00e9e car les motifs photographiques ne sont pas enti\u00e8rement satisfaisants pour ces couleurs)<\/li>\n<\/ul>\n<ol>\n<li>Mouillage complet de toute la surface sup\u00e9rieure<\/li>\n<li>Mouillage complet de la surface sup\u00e9rieure au-dessus des points de pulv\u00e9risation<\/li>\n<li>Mouillage partiel de toute la surface sup\u00e9rieure au-dessus des points de pulv\u00e9risation<\/li>\n<li>Mouillage de la surface sup\u00e9rieure aux points de pulv\u00e9risation<\/li>\n<li>Adh\u00e9rence l\u00e9g\u00e8re ou l\u00e9g\u00e8re dispersion humide de la surface sup\u00e9rieure<\/li>\n<li>Pas d&#8217;adh\u00e9rence ou de mouillage de la surface ext\u00e9rieure<\/li>\n<\/ol>\n<p>[\/vc_column_text][\/vc_tta_section][\/vc_tta_tabs][vc_single_image image=&#8221;18476&#8243; img_size=&#8221;FULL&#8221; alignment=&#8221;center&#8221; parallax_scroll=&#8221;no&#8221; woodmart_inline=&#8221;no&#8221;][\/vc_column][\/vc_row]<\/p>\n<\/section>","protected":false},"excerpt":{"rendered":"<p>\u00c9toffes &#8211; D\u00e9termination de la r\u00e9sistance au mouillage superficiel (essai d&#8217;arrosage). <span style=\"color: #ffff99;\"><em>\u00c9quivalence avec les normes EN ISO 4920:2021 et ISO 4920:2012<\/em><\/span><\/p>\n","protected":false},"featured_media":0,"comment_status":"open","ping_status":"closed","template":"","meta":{"_mi_skip_tracking":false,"_monsterinsights_sitenote_active":false,"_monsterinsights_sitenote_note":"","_monsterinsights_sitenote_category":0},"product_cat":[884],"product_tag":[3153,2369,1654],"class_list":["post-18468","product","type-product","status-publish","hentry","product_cat-norme","product_tag-863-fr","product_tag-alta-resistencia-fr","product_tag-perforacion-fr"],"acf":[],"_links":{"self":[{"href":"https:\/\/lenard.tech\/fr\/wp-json\/wp\/v2\/product\/18468","targetHints":{"allow":["GET"]}}],"collection":[{"href":"https:\/\/lenard.tech\/fr\/wp-json\/wp\/v2\/product"}],"about":[{"href":"https:\/\/lenard.tech\/fr\/wp-json\/wp\/v2\/types\/product"}],"replies":[{"embeddable":true,"href":"https:\/\/lenard.tech\/fr\/wp-json\/wp\/v2\/comments?post=18468"}],"wp:attachment":[{"href":"https:\/\/lenard.tech\/fr\/wp-json\/wp\/v2\/media?parent=18468"}],"wp:term":[{"taxonomy":"product_cat","embeddable":true,"href":"https:\/\/lenard.tech\/fr\/wp-json\/wp\/v2\/product_cat?post=18468"},{"taxonomy":"product_tag","embeddable":true,"href":"https:\/\/lenard.tech\/fr\/wp-json\/wp\/v2\/product_tag?post=18468"}],"curies":[{"name":"wp","href":"https:\/\/api.w.org\/{rel}","templated":true}]}}