
{"id":20159,"date":"2026-04-09T09:54:09","date_gmt":"2026-04-09T09:54:09","guid":{"rendered":"https:\/\/lenard.tech\/?post_type=product&#038;p=20159"},"modified":"2026-05-13T14:17:21","modified_gmt":"2026-05-13T14:17:21","slug":"une-en-173532020-a12025","status":"publish","type":"product","link":"https:\/\/lenard.tech\/fr\/producto\/une-en-173532020-a12025\/","title":{"rendered":"UNE-EN 17353:2020 A1:2025"},"content":{"rendered":"<section class=\"wpb-content-wrapper\"><p>[vc_row][vc_column][vc_column_text woodmart_inline=&#8221;no&#8221; text_larger=&#8221;no&#8221;]<strong>UNE-EN 17353:2020+A1:2025. V\u00caTEMENTS DE PROTECTION. \u00c9QUIPEMENT DE VISIBILIT\u00c9 AM\u00c9LIOR\u00c9E POUR LES SITUATIONS \u00c0 RISQUE MOYEN. EXIGENCES ET M\u00c9THODES DE TEST. <\/strong><em>\u00c9quivalence avec EN 17353:2020 A1:2025.<\/em>[\/vc_column_text][\/vc_column][\/vc_row][vc_row][vc_column][vc_tta_tabs][vc_tta_section title=&#8221;OBJET&#8221; tab_id=&#8221;1686236123488-f326608a-f528&#8243;][vc_column_text woodmart_inline=&#8221;no&#8221; text_larger=&#8221;no&#8221;]Cette norme sp\u00e9cifie des exigences de visibilit\u00e9 pour les v\u00eatements ou dispositifs capables de signaler visiblement la pr\u00e9sence du porteur.<\/p>\n<p>Les \u00e9quipements de visibilit\u00e9 am\u00e9lior\u00e9e sont con\u00e7us pour offrir une visibilit\u00e9 \u00e0 l&#8217;utilisateur dans des situations \u00e0 risque moyen, sous toute lumi\u00e8re de jour ou sous l&#8217;\u00e9clairage des lumi\u00e8res ou r\u00e9flecteurs des v\u00e9hicules dans l&#8217;obscurit\u00e9.<\/p>\n<p>Les exigences incluent la couleur et la r\u00e9tror\u00e9flexion, ainsi que la surface et l&#8217;emplacement minimals pour les mat\u00e9riaux protecteurs.<\/p>\n<p>Cette norme ne s&#8217;applique pas aux situations pr\u00e9sentant un risque de haute visibilit\u00e9 (voir EN ISO 20471) ; des \u00e9quipements visibles pour la t\u00eate, les mains et les pieds ; \u00e9quipements avec lumi\u00e8re active int\u00e9gr\u00e9e (par exemple des LED) ; Situations \u00e0 faible risque de visibilit\u00e9.[\/vc_column_text][\/vc_tta_section][vc_tta_section title=&#8221;EXIGENCES&#8221; tab_id=&#8221;1686236123496-e4013a9c-7029&#8243;][vc_column_text woodmart_inline=&#8221;no&#8221; text_larger=&#8221;no&#8221;]PR\u00c9-TRAITEMENT : Selon les instructions du fabricant (par d\u00e9faut 5 cycles de lavage)<\/p>\n<p>CONDITIONNEMENT : minimum 24 h \u00e0 20 \u00b1 2\u00baC avec une humidit\u00e9 relative de 65 \u00b1 5 %. Le test sera effectu\u00e9 dans les 5 minutes suivant le conditionnement.<\/p>\n<table style=\"height: 2110px;\" width=\"1542\">\n<tbody>\n<tr>\n<td width=\"146\">M\u00c9THODE D&#8217;ESSAI<\/td>\n<td width=\"146\">TEST STANDARD<\/td>\n<td width=\"132\">DESCRIPTION<\/td>\n<td width=\"160\">EXIGENCES<\/td>\n<\/tr>\n<tr>\n<td width=\"146\">PROPAGATION DE FLAMMES<\/td>\n<td width=\"146\">EN ISO 15025<\/p>\n<p>M\u00e9thode A<\/td>\n<td width=\"132\">Tissu d&#8217;origine<\/p>\n<p>Tissu pr\u00e9trait\u00e9<\/td>\n<td width=\"160\">Indice minimal de propagation de la flamme de 3 selon l&#8217;EN ISO 14116<\/td>\n<\/tr>\n<tr>\n<td width=\"146\">TRANSFERT DE CHALEUR<\/td>\n<td width=\"146\">EN ISO 6942<\/p>\n<p>D\u00e9bit de chaleur 20 kW\/m<sup>2<\/sup><\/td>\n<td width=\"132\">Tissu d&#8217;origine<\/p>\n<p>Tissu pr\u00e9trait\u00e9<\/td>\n<td width=\"160\">RHTI24 \u2265 7.0 s<sup>(*)<\/sup><\/td>\n<\/tr>\n<tr>\n<td width=\"146\">CHALEUR DE CONTACT<\/td>\n<td width=\"146\">EN ISO 12127-1<\/p>\n<p>(100 \u00baC)<\/td>\n<td width=\"132\">Tissu pr\u00e9trait\u00e9<\/td>\n<td width=\"160\">Temps seuil \u2265 5.0 s<sup>(*)<\/sup><\/td>\n<\/tr>\n<tr>\n<td rowspan=\"2\" width=\"146\">R\u00c9SISTANCE \u00c0 LA TRACTION<\/td>\n<td width=\"146\">EN ISO 13934-1<\/p>\n<p>Ou<\/p>\n<p>EN ISO 1421 M\u00e9thode 1<\/td>\n<td width=\"132\">Tissu pr\u00e9trait\u00e9<\/td>\n<td width=\"160\">\u2265 450 N<\/td>\n<\/tr>\n<tr>\n<td width=\"146\">EN ISO 13935-2<\/td>\n<td width=\"132\">Joints principaux<\/td>\n<td width=\"160\">\u2265 225 N<\/td>\n<\/tr>\n<tr>\n<td width=\"146\">R\u00c9SISTANCE AUX D\u00c9CHIRURES<\/td>\n<td width=\"146\">EN ISO 4674-1 M\u00e9thode B (Tissus rev\u00eatus)<\/p>\n<p>EN ISO 13937-2 (tissus non enduits)<\/td>\n<td width=\"132\">Tissu pr\u00e9trait\u00e9<\/td>\n<td width=\"160\">\u2265 25 N<\/td>\n<\/tr>\n<tr>\n<td width=\"146\">R\u00c9SISTANCE \u00c0 L&#8217;ABRASION<\/td>\n<td width=\"146\">EN ISO 12947-2<\/p>\n<p>12 kPa<\/td>\n<td width=\"132\">Tissu pr\u00e9trait\u00e9<\/p>\n<p>Point d&#8217;extr\u00e9mit\u00e9 2 fils cass\u00e9s<\/td>\n<td width=\"160\">Minimum 20 000 cycles<\/p>\n<p>&nbsp;<\/td>\n<\/tr>\n<tr>\n<td width=\"146\">MOUILLAGE DE SURFACE (optionnel)<\/td>\n<td width=\"146\">EN ISO 4920<\/p>\n<p>(20 \u00baC)<\/td>\n<td width=\"132\">Tissu pr\u00e9trait\u00e9<\/p>\n<p>&nbsp;<\/td>\n<td width=\"160\">Vaporisez \u2265 4<\/td>\n<\/tr>\n<tr>\n<td width=\"146\">PROPRI\u00c9T\u00c9S \u00c9LECTROSTATIQUES<\/p>\n<p>(Optionnel)<\/td>\n<td width=\"146\">EN 1149-5<\/td>\n<td width=\"132\">Tissu pr\u00e9trait\u00e9<\/td>\n<td width=\"160\">Selon l&#8217;EN 1149-5<\/td>\n<\/tr>\n<tr>\n<td width=\"146\">STABILIT\u00c9 DIMENSIONNELLE<\/td>\n<td width=\"146\">EN ISO 5077<\/td>\n<td width=\"132\">5 cycles de lavage selon les instructions du fabricant<\/td>\n<td width=\"160\">Les tissus \u00e0 travail ouvert \u00b1 3 %<\/p>\n<p>Les tissus tricot\u00e9s ou non tiss\u00e9s \u00b1 5 %<\/p>\n<p>&nbsp;<\/td>\n<\/tr>\n<tr>\n<td width=\"146\">R\u00c9SISTANCE \u00c0 LA VAPEUR D&#8217;EAU<\/td>\n<td width=\"146\">EN ISO 11092<\/td>\n<td width=\"132\">Tissu pr\u00e9trait\u00e9<\/td>\n<td width=\"160\">\u2264 20 m2 Pa\/W<\/td>\n<\/tr>\n<tr>\n<td width=\"146\">R\u00c9SISTANCE \u00c0 LA P\u00c9N\u00c9TRATION DES AGENTS PATHOG\u00c8NES TRANSMIS PAR LE SANG<\/p>\n<p>(si applicable**)<\/td>\n<td width=\"146\">ISO 16604<\/td>\n<td width=\"132\">Tissu pr\u00e9trait\u00e9<\/td>\n<td width=\"160\">Proc\u00e9dure ISO 16604 A ou B<\/td>\n<\/tr>\n<tr>\n<td width=\"146\">R\u00c9SISTANCE \u00c0 LA P\u00c9N\u00c9TRATION VIRALE<\/p>\n<p>(si applicable**)<\/td>\n<td width=\"146\">ISO 16604<\/td>\n<td width=\"132\">Tissu pr\u00e9trait\u00e9<\/p>\n<p>&nbsp;<\/td>\n<td width=\"160\">Proc\u00e9dure ISO 16604 A ou B<\/td>\n<\/tr>\n<tr>\n<td width=\"146\">VISIBILIT\u00c9<\/td>\n<td width=\"146\">ISO EN 20471<\/td>\n<td width=\"132\"><\/td>\n<td width=\"160\">Classe 2 selon l&#8217;EN ISO 20471<\/td>\n<\/tr>\n<tr>\n<td width=\"146\">R\u00c9SISTANCE AUX EXPLOSIONS<\/td>\n<td width=\"146\">EN ISO 13938-1<\/p>\n<p>EN ISO 13938-2<\/td>\n<td width=\"132\">Tissu pr\u00e9trait\u00e9<\/p>\n<p>V\u00eatements en tricot<\/td>\n<td width=\"160\">Surface de 100 kPa 50 cm<sup>2<\/sup><\/p>\n<p>Surface de 200 kPa 7,3 cm<sup>2<\/sup><\/td>\n<\/tr>\n<\/tbody>\n<\/table>\n<p>&nbsp;<\/p>\n<p><sup>(*) <\/sup>Le r\u00e9sultat sera arrondi \u00e0 une d\u00e9cimale et class\u00e9 selon le r\u00e9sultat le plus bas<\/p>\n<p><sup>(**) <\/sup>Il doit \u00eatre respect\u00e9 si le fabricant affirme que le v\u00eatement\/tissu poss\u00e8de cette propri\u00e9t\u00e9<\/p>\n<p>[\/vc_column_text][\/vc_tta_section][vc_tta_section title=&#8221;V\u00caTEMENTS&#8221; tab_id=&#8221;1686236239562-82f8497e-52f7&#8243;][vc_column_text woodmart_inline=&#8221;no&#8221; text_larger=&#8221;no&#8221;]<strong>CONCEPTION<\/strong><\/p>\n<p>D\u00e9signation de taille selon l&#8217;EN ISO 13688<\/p>\n<p><strong>V\u00caTEMENTS DE TYPE A :<\/strong><\/p>\n<p>Ils doivent comporter une quantit\u00e9 minimale de mati\u00e8re fluorescente indiqu\u00e9e dans le tableau. Ces zones seront mesur\u00e9es dans la plus petite taille de v\u00eatement fournie dans chacune des deux plages de taille.<\/p>\n<p>Le mat\u00e9riau fluorescent recouvert de logos, lettres, \u00e9tiquettes&#8230; Il ne sera pas utilis\u00e9 pour d\u00e9terminer la surface minimale requise.<\/p>\n<p>Les v\u00eatements de type A doivent offrir une visibilit\u00e9 de 360\u00ba \u00e0 travers le mat\u00e9riau fluorescent. Pour les v\u00eatements du haut du corps, un mat\u00e9riau fluorescent peut \u00eatre distribu\u00e9 autour du torse et\/ou des bras et\/ou des extr\u00e9mit\u00e9s. Pour les v\u00eatements du bas du corps, le mat\u00e9riau fluorescent doit \u00eatre diffus\u00e9 autour des jambes.<\/p>\n<p>La visibilit\u00e9 depuis n&#8217;importe o\u00f9 doit \u00eatre obtenue comme suit : au moins 40 % de la quantit\u00e9 minimale de mat\u00e9riau fluorescent d\u00e9crite dans le tableau doit \u00eatre pr\u00e9sente de chaque c\u00f4t\u00e9 du v\u00eatement et au moins 10 % de la quantit\u00e9 minimale requise dans le tableau doit \u00eatre pr\u00e9sente \u00e0 droite comme \u00e0 gauche,\u00a0 lorsque le v\u00eatement est plac\u00e9 face visible.<\/p>\n<p><strong>V\u00caTEMENTS DE TYPE B :<\/strong><\/p>\n<p>Ils doivent avoir la quantit\u00e9 minimale de tissu r\u00e9tror\u00e9fl\u00e9chissant sp\u00e9cifi\u00e9e dans le tableau.<\/p>\n<p><strong>Dispositifs suspendus de type B1 :<\/strong><\/p>\n<p>Les dispositifs doivent \u00eatre d\u00e9tachables et avoir la surface minimale requise sp\u00e9cifi\u00e9e dans le tableau.<\/p>\n<p>L&#8217;appareil doit \u00eatre r\u00e9tror\u00e9fl\u00e9chissant des deux c\u00f4t\u00e9s. La zone optique active doit mesurer au moins 15 cm de chaque c\u00f4t\u00e9. La surface totale maximale doit \u00eatre de 50 cm2 de chaque c\u00f4t\u00e9. Pour que la visibilit\u00e9 soit d&#8217;au moins 360\u00ba, deux dispositifs doivent \u00eatre port\u00e9s \u00e0 gauche et \u00e0 droite du torse.<\/p>\n<p>L&#8217;appareil doit \u00eatre plat et avoir une \u00e9paisseur maximale de 10 mm.<\/p>\n<p>Le moyen d&#8217;attache (cordes, cordons, sangles, etc.) doit avoir une longueur minimale de 10 cm entre les points d&#8217;attache du v\u00eatement et le r\u00e9flecteur, permettant \u00e0 l&#8217;appareil de se d\u00e9placer librement autour de l&#8217;axe vertical et d&#8217;obtenir un effet de pendule.<\/p>\n<p><strong>\u00c9quipement des membres de type B2 :<\/strong><\/p>\n<p>La surface minimale r\u00e9tror\u00e9fl\u00e9chissante doit respecter ce qui est sp\u00e9cifi\u00e9 dans le tableau.<\/p>\n<p>Pour garantir une visibilit\u00e9 \u00e0 360\u00b0, un ou plusieurs dispositifs doivent \u00eatre plac\u00e9s sur les bras et\/ou sur chaque jambe.<\/p>\n<p>Si le mat\u00e9riau r\u00e9tror\u00e9fl\u00e9chissant fait partie du v\u00eatement, il doit \u00eatre positionn\u00e9 pour garantir une visibilit\u00e9 de tous c\u00f4t\u00e9s (360\u00b0). Le mat\u00e9riau situ\u00e9 sur les branches doit mesurer au moins 20 cm de large et entourer chaque membre.<\/p>\n<p>Toute s\u00e9paration longitudinale du mat\u00e9riau r\u00e9tror\u00e9fl\u00e9chissant ne peut pas d\u00e9passer 50 mm mesur\u00e9e parall\u00e8lement \u00e0 la direction du mat\u00e9riau, et le nombre total de s\u00e9parations ne peut pas d\u00e9passer 50 mm autour des extr\u00e9mit\u00e9s.<\/p>\n<p>Les \u00e9l\u00e9ments r\u00e9tror\u00e9fl\u00e9chissants doivent avoir une surface minimale de 25 cm2 chacun.<\/p>\n<p>Dans le cas o\u00f9 les v\u00eatements B2 couvrent \u00e0 la fois les membres sup\u00e9rieur et inf\u00e9rieur, le mat\u00e9riau r\u00e9tror\u00e9fl\u00e9chissant ne peut \u00eatre appliqu\u00e9 que sur les bras, les jambes ou les bras et jambes. Si appliqu\u00e9 aux jambes et aux bras, la quantit\u00e9 minimale d\u00e9crite dans le tableau doit \u00eatre situ\u00e9e sur les bras et aussi sur les jambes.<\/p>\n<p><strong>\u00c9quipement de type B3 pour le torse, le torse et les membres :<\/strong><\/p>\n<p>La surface minimale requise de mat\u00e9riau r\u00e9tror\u00e9fl\u00e9chissant doit r\u00e9pondre aux exigences du tableau. Les v\u00eatements et \u00e9quipements seront utilis\u00e9s pour la mesure dans la plus petite taille.<\/p>\n<p>Le mat\u00e9riau r\u00e9tror\u00e9fl\u00e9chissant doit \u00eatre situ\u00e9 sur le torse, assurant une largeur minimale de 20 mm autour du torse. Sinon, le mat\u00e9riau peut aussi \u00eatre appliqu\u00e9 pour entourer les bras sup\u00e9rieurs.<\/p>\n<p>Si le v\u00eatement couvre les jambes sous les genoux ou les bras sous les coudes, un mat\u00e9riau r\u00e9tror\u00e9fl\u00e9chissant est n\u00e9cessaire et doit r\u00e9pondre aux exigences du type B2 pour les extr\u00e9mit\u00e9s.<\/p>\n<p>Les \u00e9l\u00e9ments r\u00e9tror\u00e9fl\u00e9chissants doivent avoir une surface minimale de 25 cm2 chacun.<\/p>\n<p>La visibilit\u00e9 de tous c\u00f4t\u00e9s doit respecter les crit\u00e8res suivants :<\/p>\n<p>-Au moins 40 % de la quantit\u00e9 minimale de mat\u00e9riau r\u00e9tror\u00e9fl\u00e9chissant doit \u00eatre pr\u00e9sente \u00e0 l&#8217;avant et \u00e0 l&#8217;arri\u00e8re lorsqu&#8217;il est pos\u00e9 \u00e0 plat.<\/p>\n<p>-Au moins 10 % de la quantit\u00e9 minimale de mat\u00e9riau r\u00e9tror\u00e9fl\u00e9chissant doit \u00eatre pr\u00e9sent sur les c\u00f4t\u00e9s droit et gauche lorsqu&#8217;il est plac\u00e9 \u00e0 plat sur le dos.<\/p>\n<p>Tout espace longitudinal entre le mat\u00e9riau r\u00e9tror\u00e9fl\u00e9chissant ne doit pas d\u00e9passer 50 mm mesur\u00e9 parall\u00e8lement \u00e0 la direction du mat\u00e9riau et les espaces totaux ne doivent pas d\u00e9passer 100 mm autour du torse.<\/p>\n<p>Dans le cas o\u00f9 les v\u00eatements couvrent le torse ainsi que les membres sup\u00e9rieurs et inf\u00e9rieurs, le mat\u00e9riau r\u00e9tror\u00e9fl\u00e9chissant doit \u00eatre situ\u00e9 sur le torse et les bras ou sur le torse et les jambes ou le torse, jambes et bras. Si elle est situ\u00e9e dans le torse, les jambes et les bras, celles-ci doivent respecter la surface minimale de la planche.<\/p>\n<p><strong>Type AB :<\/strong><\/p>\n<p>Ces v\u00eatements contiennent dans leur conception une quantit\u00e9 minimale de mat\u00e9riau fluorescent et r\u00e9tror\u00e9fl\u00e9chissant ou une combinaison appropri\u00e9e selon les exigences du tableau. Les exigences de conception pour ces v\u00eatements doivent suivre les m\u00eames indications concernant la distribution du mat\u00e9riau fluorescent que le type A. Pour le mat\u00e9riau r\u00e9tror\u00e9fl\u00e9chissant, les m\u00eames indications doivent \u00eatre suivies que le type B2.<\/p>\n<p>Le mat\u00e9riau de performance combin\u00e9 doit \u00eatre utilis\u00e9 de mani\u00e8re \u00e0 maintenir une largeur d&#8217;au moins 20 mm. Dans ces cas, la surface de mati\u00e8re fluorescente peut \u00eatre r\u00e9duite par la quantit\u00e9 de mat\u00e9riau combin\u00e9 utilis\u00e9e.[\/vc_column_text][\/vc_tta_section][vc_tta_section title=&#8221;MARQUAGE ET \u00c9TIQUETAGE&#8221; tab_id=&#8221;1775728029160-4069d341-ca82&#8243;][vc_column_text woodmart_inline=&#8221;no&#8221; text_larger=&#8221;no&#8221;]<strong>MARQUAGE<\/strong><\/p>\n<p>-Selon la norme 13688<\/p>\n<p>&nbsp;<\/p>\n<p><a href=\"https:\/\/lenard.tech\/wp-content\/uploads\/2026\/03\/Imagen8.png\"><img loading=\"lazy\" decoding=\"async\" class=\"alignnone wp-image-19592\" src=\"https:\/\/lenard.tech\/wp-content\/uploads\/2026\/03\/Imagen8-400x58.png\" alt=\"\" width=\"752\" height=\"109\" srcset=\"https:\/\/lenard.tech\/wp-content\/uploads\/2026\/03\/Imagen8-400x58.png 400w, https:\/\/lenard.tech\/wp-content\/uploads\/2026\/03\/Imagen8-430x62.png 430w, https:\/\/lenard.tech\/wp-content\/uploads\/2026\/03\/Imagen8-150x22.png 150w, https:\/\/lenard.tech\/wp-content\/uploads\/2026\/03\/Imagen8.png 586w\" sizes=\"auto, (max-width: 752px) 100vw, 752px\" \/><\/a><\/p>\n<p>Type A pour feu de jour\u00a0\u00a0\u00a0\u00a0\u00a0\u00a0\u00a0\u00a0\u00a0\u00a0\u00a0\u00a0\u00a0\u00a0\u00a0\u00a0\u00a0\u00a0\u00a0\u00a0\u00a0\u00a0 Type B1, B2 ou B3\u00a0\u00a0\u00a0\u00a0\u00a0\u00a0\u00a0\u00a0\u00a0\u00a0\u00a0\u00a0\u00a0\u00a0\u00a0\u00a0\u00a0\u00a0 Type AB2 ou AB3 pour la lumi\u00e8re<br \/>\npour l&#8217;obscurit\u00e9\u00a0 \u00a0 \u00a0 \u00a0 \u00a0 \u00a0 \u00a0 \u00a0 \u00a0 \u00a0 \u00a0 \u00a0 \u00a0 \u00a0 \u00a0 \u00a0 \u00a0 \u00a0 \u00a0Jour et obscurit\u00e9[\/vc_column_text][\/vc_tta_section][\/vc_tta_tabs][\/vc_column][\/vc_row]<\/p>\n<\/section>","protected":false},"excerpt":{"rendered":"<p><strong>UNE-EN 17353:2020+A1:2025. V\u00caTEMENTS DE PROTECTION. \u00c9QUIPEMENT DE VISIBILIT\u00c9 AM\u00c9LIOR\u00c9E POUR LES SITUATIONS \u00c0 RISQUE MOYEN. EXIGENCES ET M\u00c9THODES DE TEST. <\/strong><span style=\"color: #ffff99;\"><em>\u00c9quivalence avec EN 17353:2020 A1:2025.<\/em><\/span><\/p>\n","protected":false},"featured_media":0,"comment_status":"open","ping_status":"closed","template":"","meta":{"_mi_skip_tracking":false,"_monsterinsights_sitenote_active":false,"_monsterinsights_sitenote_note":"","_monsterinsights_sitenote_category":0},"product_cat":[884],"product_tag":[],"class_list":["post-20159","product","type-product","status-publish","hentry","product_cat-norme"],"acf":[],"_links":{"self":[{"href":"https:\/\/lenard.tech\/fr\/wp-json\/wp\/v2\/product\/20159","targetHints":{"allow":["GET"]}}],"collection":[{"href":"https:\/\/lenard.tech\/fr\/wp-json\/wp\/v2\/product"}],"about":[{"href":"https:\/\/lenard.tech\/fr\/wp-json\/wp\/v2\/types\/product"}],"replies":[{"embeddable":true,"href":"https:\/\/lenard.tech\/fr\/wp-json\/wp\/v2\/comments?post=20159"}],"wp:attachment":[{"href":"https:\/\/lenard.tech\/fr\/wp-json\/wp\/v2\/media?parent=20159"}],"wp:term":[{"taxonomy":"product_cat","embeddable":true,"href":"https:\/\/lenard.tech\/fr\/wp-json\/wp\/v2\/product_cat?post=20159"},{"taxonomy":"product_tag","embeddable":true,"href":"https:\/\/lenard.tech\/fr\/wp-json\/wp\/v2\/product_tag?post=20159"}],"curies":[{"name":"wp","href":"https:\/\/api.w.org\/{rel}","templated":true}]}}