
{"id":20215,"date":"2026-04-17T08:54:37","date_gmt":"2026-04-17T08:54:37","guid":{"rendered":"https:\/\/lenard.tech\/?post_type=product&#038;p=20215"},"modified":"2026-04-17T09:13:13","modified_gmt":"2026-04-17T09:13:13","slug":"une-en-iso-69422023","status":"publish","type":"product","link":"https:\/\/lenard.tech\/fr\/producto\/une-en-iso-69422023\/","title":{"rendered":"UNE-EN ISO 6942:2023"},"content":{"rendered":"<section class=\"wpb-content-wrapper\"><p>[vc_row][vc_column][vc_column_text woodmart_inline=&#8221;no&#8221; text_larger=&#8221;no&#8221;]PROTECTION CONTRE LA CHALEUR ET LE FEU. M\u00c9THODE D&#8217;ESSAI : \u00c9VALUATION DES MAT\u00c9RIAUX ET DES ASSEMBLAGES DE MAT\u00c9RIAUX LORSQU&#8217;ILS SONT EXPOS\u00c9S \u00c0 UNE SOURCE DE CHALEUR RADIANTE. <em>\u00c9quivalence avec EN ISO 6942:2022 et ISO 6942:2022.<\/em>[\/vc_column_text][\/vc_column][\/vc_row][vc_row][vc_column][vc_tta_tabs][vc_tta_section title=&#8221;OBJET&#8221; tab_id=&#8221;1686236123488-f326608a-f528&#8243;][vc_column_text woodmart_inline=&#8221;no&#8221; text_larger=&#8221;no&#8221;]Les v\u00eatements de protection thermique radiante sont port\u00e9s dans diff\u00e9rentes circonstances et, de ce fait, l&#8217;intensit\u00e9 du rayonnement qui s&#8217;abat sur le mat\u00e9riau du v\u00eatement peut varier sur une large plage.<\/p>\n<p>Les travailleurs industriels ou les pompiers peuvent \u00eatre expos\u00e9s \u00e0 des radiations d&#8217;intensit\u00e9 relativement faible sur une longue p\u00e9riode. Les travailleurs industriels ou les pompiers peuvent \u00eatre expos\u00e9s \u00e0 des radiations de moyenne intensit\u00e9 pendant de courtes p\u00e9riodes, ou \u00e0 des radiations de haute intensit\u00e9 pendant de tr\u00e8s courtes p\u00e9riodes.<\/p>\n<p>Ce r\u00e8glement sp\u00e9cifie deux m\u00e9thodes d&#8217;essai compl\u00e9mentaires : la m\u00e9thode A est utilis\u00e9e pour l&#8217;\u00e9valuation visuelle des changements du mat\u00e9riau apr\u00e8s l&#8217;action du rayonnement thermique. La m\u00e9thode B d\u00e9termine l&#8217;effet protecteur des mat\u00e9riaux. Les mat\u00e9riaux peuvent \u00eatre test\u00e9s par les deux m\u00e9thodes ou par une seule m\u00e9thode.<\/p>\n<p>Comme les tests sont r\u00e9alis\u00e9s \u00e0 temp\u00e9rature ambiante, les r\u00e9sultats ne servent qu&#8217;\u00e0 pr\u00e9dire la performance des v\u00eatements de protection.<\/p>\n<p><strong>D\u00c9FINITIONS :<\/strong><\/p>\n<p>Niveaux de transfert de chaleur :<\/p>\n<p>Temps t12 : temps en secondes, exprim\u00e9 \u00e0 la d\u00e9cimale, pour obtenir une augmentation de temp\u00e9rature du calorim\u00e8tre de (12 \u00b1 0,1) \u00b0C lors du test avec la m\u00e9thode B<\/p>\n<p>Heure t24 : temps en secondes, exprim\u00e9 en d\u00e9cimales, pour obtenir une augmentation de temp\u00e9rature du calorim\u00e8tre de (24 \u00b1 0,2) \u00b0C lors du test avec la m\u00e9thode B<\/p>\n<p>Facteur de transmission thermique (TF) : Mesure de la fraction de chaleur transmise \u00e0 travers l&#8217;\u00e9chantillon expos\u00e9 \u00e0 une source de chaleur radiante. Il est num\u00e9riquement \u00e9gal au rapport entre les densit\u00e9s de flux de chaleur transmis et incidentes.<\/p>\n<p>Indice de transfert de chaleur radiant (RHTI) : Un chiffre calcul\u00e9 \u00e0 partir du temps mesur\u00e9 en secondes avec une d\u00e9cimale, n\u00e9cessaire pour obtenir une augmentation sp\u00e9cifi\u00e9e de la temp\u00e9rature du calorim\u00e8tre lors de ce test avec cette m\u00e9thode et \u00e0 une densit\u00e9 de flux de chaleur incidente sp\u00e9cifi\u00e9e[\/vc_column_text][\/vc_tta_section][vc_tta_section title=&#8221;MAT\u00c9RIAUX ET \u00c9QUIPEMENTS&#8221; tab_id=&#8221;1686236123496-e4013a9c-7029&#8243;][vc_column_text woodmart_inline=&#8221;no&#8221; text_larger=&#8221;no&#8221;]\u00c9QUIPEMENT DE TEST :<\/p>\n<p>-Pour les deux m\u00e9thodes, les suivantes sont utilis\u00e9es :<\/p>\n<p>-La source de chaleur radiante est constitu\u00e9e de barres chauffantes SiC avec une r\u00e9sistance \u00e9lectrique de 3,6 \u03a9 \u00b1 10 % \u00e0 1070\u00baC.<\/p>\n<p>-Ch\u00e2ssis d&#8217;essai<\/p>\n<p>-Stand d&#8217;\u00e9chantillons<\/p>\n<p>Il est ajout\u00e9 pour la m\u00e9thode B :<\/p>\n<p>-Calorim\u00e8tre<\/p>\n<p>&#8211; Dispositif d&#8217;enregistrement et de mesure de temp\u00e9rature<\/p>\n<p><strong>\u00c9CHANTILLONS<\/strong><\/p>\n<p>Pour les tests effectu\u00e9s par la m\u00e9thode A, un \u00e9chantillon doit \u00eatre utilis\u00e9, et pour les tests effectu\u00e9s par la m\u00e9thode B, au moins trois \u00e9chantillons doivent \u00eatre utilis\u00e9s pour chaque niveau de flux de chaleur. Si le mat\u00e9riau \u00e0 tester n&#8217;est pas tr\u00e8s homog\u00e8ne, au moins trois \u00e9chantillons doivent \u00eatre test\u00e9s par la m\u00e9thode A et cinq par la m\u00e9thode B.<\/p>\n<p>Les \u00e9chantillons doivent avoir des dimensions de 230 mm x 80 mm. Les \u00e9chantillons composites devraient reproduire les ensembles de v\u00eatements multicouches tels qu&#8217;ils sont utilis\u00e9s en pratique. Si le fournisseur du mat\u00e9riau n&#8217;indique pas la surface ext\u00e9rieure, des tests doivent \u00eatre effectu\u00e9s des deux c\u00f4t\u00e9s.[\/vc_column_text][\/vc_tta_section][vc_tta_section title=&#8221;PROC\u00c9DURE ET R\u00c9SULTATS&#8221; tab_id=&#8221;1686236239562-82f8497e-52f7&#8243;][vc_column_text woodmart_inline=&#8221;no&#8221; text_larger=&#8221;no&#8221;]<strong>M\u00c9THODES<\/strong><\/p>\n<p><strong>CONDITIONS DE TEST :<\/strong><\/p>\n<p>-Conditionner les \u00e9chantillons au moins 24 heures sur 24 \u00e0 20 \u00b1 2 \u00baC et 65 \u00b1 4 % d&#8217;humidit\u00e9 relative. L&#8217;essai devrait commencer dans les 3 minutes suivant le conditionnement.<\/p>\n<p>-Les tests seront r\u00e9alis\u00e9s dans une pi\u00e8ce exempte de courants d&#8217;air et prot\u00e9g\u00e9e de toute radiation parasite pouvant \u00eatre enregistr\u00e9e par le calorim\u00e8tre. La temp\u00e9rature de la pi\u00e8ce entre 15 et 35\u00baC et le calorim\u00e8tre doivent \u00eatre refroidis \u00e0 temp\u00e9rature ambiante \u00b1 2 \u00baC avant chaque test.<\/p>\n<p>-Densit\u00e9 de flux de chaleur :<\/p>\n<ul>\n<li>Basses concentrations : 5 kW\/m\u00b2 \u00e0 10 kW\/m\u00b2<\/li>\n<li>Niveaux moyens : 20 kW\/m\u00b2 \u00e0 40 kW\/m\u00b2<\/li>\n<li>Niveaux \u00e9lev\u00e9s : 80 kW\/m\u00b2<\/li>\n<\/ul>\n<p>&nbsp;<\/p>\n<p>-La calibration de la source de chaleur radiante avant l&#8217;essai est essentielle.<\/p>\n<p><strong>\u00a0<\/strong><\/p>\n<p><strong>M\u00c9THODE A <\/strong>: Un \u00e9chantillon est fix\u00e9 \u00e0 un r\u00e9f\u00e9rentiel vertical en appliquant une tension de 2 N et expos\u00e9 \u00e0 un certain niveau de chaleur radiante pendant une dur\u00e9e d\u00e9termin\u00e9e.<\/p>\n<p>Le niveau de chaleur radiante est fix\u00e9 en ajustant la distance entre l&#8217;\u00e9chantillon et la source de rayonnement thermique. Apr\u00e8s l&#8217;exposition, l&#8217;\u00e9chantillon et ses couches sont examin\u00e9s\u00a0\u00a0\u00a0\u00a0\u00a0\u00a0 pour d\u00e9terminer tout changement visible.<\/p>\n<p>\u00c9valuation : Apr\u00e8s irradiation, l&#8217;\u00e9chantillon ou les couches individuelles de l&#8217;ensemble multicouche sont inspect\u00e9s. Toute modification (par exemple, d\u00e9coloration, encrassement, braise, br\u00fblure, casse, fonte, r\u00e9tr\u00e9cition, sublimation, etc.) observ\u00e9e est not\u00e9e pour l&#8217;\u00e9chantillon ou pour chaque couche individuelle de l&#8217;ensemble multicouche.<\/p>\n<p><strong>M\u00c9THODE B <\/strong>: Un \u00e9chantillon est fix\u00e9 \u00e0 un cadre vertical (porte-\u00e9chantillon) en appliquant une tension de 2 N et expos\u00e9 \u00e0 un niveau d\u00e9fini de chaleur radiante. Les temps n\u00e9cessaires pour obtenir une augmentation de temp\u00e9rature du calorim\u00e8tre de 12 \u00baC et 24 \u00baC sont d\u00e9termin\u00e9s et exprim\u00e9s sous forme d&#8217;indices de transfert de chaleur radiant. Le facteur de transmission thermique en pourcentage est calcul\u00e9 \u00e0 partir de l&#8217;augmentation de la temp\u00e9rature, et est \u00e9galement not\u00e9 dans le rapport.<\/p>\n<p>Les fois t12 et t24, exprim\u00e9s en secondes avec une d\u00e9cimale, sont d\u00e9termin\u00e9s comme une augmentation de la temp\u00e9rature du calorim\u00e8tre de (12 \u00b1 0,1) \u00baC ou (24 \u00b1 0,2) \u00baC, respectivement. Comme l&#8217;exige la norme sp\u00e9cifique, le r\u00e9sultat de la diff\u00e9rence entre t24 et t 12 est calcul\u00e9 et enregistr\u00e9.<\/p>\n<p>\u00c9valuation :<\/p>\n<p>&#8211; La densit\u00e9 de flux thermique transmis QC est d\u00e9termin\u00e9e en Kw\/m\u00b2<\/p>\n<p>-Le facteur de transmission thermique TF (Q0)<\/p>\n<p>-Indice de transfert de chaleur radiant RHTI12 (Q0, mesure de temps t12, exprim\u00e9 en 0,1 s pour l&#8217;augmentation de temp\u00e9rature du calorim\u00e8tre de 12 \u00b10,2 \u00baC<\/p>\n<p>-Indice de transfert de chaleur radiant RHTI24 (Q0), mesure de temps t24 exprim\u00e9e en 0,1 s pour l&#8217;augmentation de temp\u00e9rature du calorim\u00e8tre de 24 \u00b10,2 \u00baC<\/p>\n<p>-L&#8217;indice de transfert de chaleur radiant, RHTI24-RHTI12 (Q0) pour la densit\u00e9 de flux de chaleur incident, est d\u00e9termin\u00e9 RHTI24 moins RHTI12.<\/p>\n<p>[\/vc_column_text][\/vc_tta_section][\/vc_tta_tabs][\/vc_column][\/vc_row]<\/p>\n<\/section>","protected":false},"excerpt":{"rendered":"<p>PROTECTION CONTRE LA CHALEUR ET LE FEU. M\u00c9THODE D&#8217;ESSAI : \u00c9VALUATION DES MAT\u00c9RIAUX ET DES ASSEMBLAGES DE MAT\u00c9RIAUX LORSQU&#8217;ILS SONT EXPOS\u00c9S \u00c0 UNE SOURCE DE CHALEUR RADIANTE. <span style=\"color: #ffff99;\"><em>\u00c9quivalence avec EN ISO 6942:2022 et ISO 6942:2022.<\/em><\/span><\/p>\n","protected":false},"featured_media":0,"comment_status":"open","ping_status":"closed","template":"","meta":{"_mi_skip_tracking":false,"_monsterinsights_sitenote_active":false,"_monsterinsights_sitenote_note":"","_monsterinsights_sitenote_category":0},"product_cat":[884],"product_tag":[],"class_list":["post-20215","product","type-product","status-publish","hentry","product_cat-norme"],"acf":[],"_links":{"self":[{"href":"https:\/\/lenard.tech\/fr\/wp-json\/wp\/v2\/product\/20215","targetHints":{"allow":["GET"]}}],"collection":[{"href":"https:\/\/lenard.tech\/fr\/wp-json\/wp\/v2\/product"}],"about":[{"href":"https:\/\/lenard.tech\/fr\/wp-json\/wp\/v2\/types\/product"}],"replies":[{"embeddable":true,"href":"https:\/\/lenard.tech\/fr\/wp-json\/wp\/v2\/comments?post=20215"}],"wp:attachment":[{"href":"https:\/\/lenard.tech\/fr\/wp-json\/wp\/v2\/media?parent=20215"}],"wp:term":[{"taxonomy":"product_cat","embeddable":true,"href":"https:\/\/lenard.tech\/fr\/wp-json\/wp\/v2\/product_cat?post=20215"},{"taxonomy":"product_tag","embeddable":true,"href":"https:\/\/lenard.tech\/fr\/wp-json\/wp\/v2\/product_tag?post=20215"}],"curies":[{"name":"wp","href":"https:\/\/api.w.org\/{rel}","templated":true}]}}