
{"id":20220,"date":"2026-04-21T13:54:05","date_gmt":"2026-04-21T13:54:05","guid":{"rendered":"https:\/\/lenard.tech\/?post_type=product&#038;p=20220"},"modified":"2026-04-21T14:17:25","modified_gmt":"2026-04-21T14:17:25","slug":"ris-3279-tom","status":"publish","type":"product","link":"https:\/\/lenard.tech\/fr\/producto\/ris-3279-tom\/","title":{"rendered":"RIS-3279-TOM"},"content":{"rendered":"<section class=\"wpb-content-wrapper\"><p>[vc_row][vc_column][vc_column_text woodmart_inline=&#8221;no&#8221; text_larger=&#8221;no&#8221;]<strong>V\u00caTEMENTS HAUTE VISIBILIT\u00c9<\/strong>[\/vc_column_text][\/vc_column][\/vc_row][vc_row][vc_column][vc_tta_tabs][vc_tta_section title=&#8221;OBJET&#8221; tab_id=&#8221;1686236123488-f326608a-f528&#8243;][vc_column_text woodmart_inline=&#8221;no&#8221; text_larger=&#8221;no&#8221;]Cette norme indique les param\u00e8tres minimums pour les v\u00eatements \u00e0 haute visibilit\u00e9 applicables \u00e0 tous les v\u00eatements \u00e0 haute visibilit\u00e9 qui doivent respecter GERT8000<\/p>\n<p>Elle s&#8217;applique \u00e0 tout le personnel travaillant pr\u00e8s de la ligne ferroviaire britannique. Vos v\u00eatements doivent r\u00e9pondre aux exigences de couleur et de luminance. Cette r\u00e8gle ne s&#8217;applique pas aux travailleurs sur le quai sauf s&#8217;ils se trouvent \u00e0 moins de 1,25 m du bord du quai.<\/p>\n<p>Si un v\u00eatement \u00e0 haute visibilit\u00e9 n&#8217;a pas assez de surface pour r\u00e9pondre aux exigences de la classe 2, il peut \u00eatre port\u00e9 tant que l&#8217;autre v\u00eatement de classe 2 n&#8217;est pas dissimul\u00e9.[\/vc_column_text][\/vc_tta_section][vc_tta_section title=&#8221;EXIGENCES&#8221; tab_id=&#8221;1686236123496-e4013a9c-7029&#8243;][vc_column_text woodmart_inline=&#8221;no&#8221; text_larger=&#8221;no&#8221;]EXIGENCES<\/p>\n<p>Les v\u00eatements \u00e0 haute visibilit\u00e9 doivent r\u00e9pondre au moins aux exigences de classe 2 du tableau 1 de BS EN ISO 20471:2013.<\/p>\n<p>Si un v\u00eatement haute visibilit\u00e9 r\u00e9pond aux exigences de la classe 2 et que l&#8217;autre n&#8217;a pas assez de surface pour r\u00e9pondre aux exigences de la classe 2, il peut \u00eatre port\u00e9 tant que le v\u00eatement de classe 2 n&#8217;est pas dissimul\u00e9.<\/p>\n<table style=\"height: 561px;\" width=\"1191\">\n<tbody>\n<tr>\n<td width=\"200\"><strong>M\u00c9THODE D&#8217;ESSAI<\/strong><\/td>\n<td width=\"92\"><strong>NORME DE TEST<\/strong><\/td>\n<td width=\"156\"><strong>DESCRIPTION<\/strong><\/td>\n<td width=\"246\"><strong>EXIGENCES<\/strong><\/td>\n<td width=\"57\"><\/td>\n<\/tr>\n<tr>\n<td rowspan=\"2\" width=\"200\">COORDONN\u00c9ES CHROMATIQUES ET FACTEUR DE LUMINANCE.<\/td>\n<td width=\"92\">CIE 15<\/p>\n<p>&nbsp;<\/td>\n<td width=\"156\">COULEUR DU MAT\u00c9RIAU DE FOND EN \u00c9TAT NEUF<\/p>\n<p>&nbsp;<\/td>\n<td colspan=\"2\" rowspan=\"2\" width=\"303\">Couleur orange HV<\/p>\n<p>Coordonn\u00e9es et luminance x : 0,588 y : 0,371 \u03b2 min 0,4<\/p>\n<p>Dans la fourchette :<a href=\"https:\/\/lenard.tech\/wp-content\/uploads\/2025\/06\/FRANCES.png\"><img loading=\"lazy\" decoding=\"async\" class=\"alignnone size-medium wp-image-19551\" src=\"https:\/\/lenard.tech\/wp-content\/uploads\/2025\/06\/FRANCES-400x242.png\" alt=\"\" width=\"400\" height=\"242\" srcset=\"https:\/\/lenard.tech\/wp-content\/uploads\/2025\/06\/FRANCES-400x242.png 400w, https:\/\/lenard.tech\/wp-content\/uploads\/2025\/06\/FRANCES-1300x786.png 1300w, https:\/\/lenard.tech\/wp-content\/uploads\/2025\/06\/FRANCES-768x465.png 768w, https:\/\/lenard.tech\/wp-content\/uploads\/2025\/06\/FRANCES-1536x929.png 1536w, https:\/\/lenard.tech\/wp-content\/uploads\/2025\/06\/FRANCES-860x520.png 860w, https:\/\/lenard.tech\/wp-content\/uploads\/2025\/06\/FRANCES-430x260.png 430w, https:\/\/lenard.tech\/wp-content\/uploads\/2025\/06\/FRANCES-700x423.png 700w, https:\/\/lenard.tech\/wp-content\/uploads\/2025\/06\/FRANCES-150x91.png 150w, https:\/\/lenard.tech\/wp-content\/uploads\/2025\/06\/FRANCES.png 1721w\" sizes=\"auto, (max-width: 400px) 100vw, 400px\" \/><\/a><\/td>\n<\/tr>\n<tr>\n<td width=\"92\">BS EN ISO 20471<\/td>\n<td width=\"156\">COULEUR DU MAT\u00c9RIAU DE FOND APR\u00c8S LE TEST AU X\u00c9NON<\/td>\n<\/tr>\n<tr>\n<td width=\"200\">MAT\u00c9RIAU R\u00c9TROR\u00c9FL\u00c9CHISSANT<\/td>\n<td width=\"92\">BS EN ISO 20471 Tableau 4 section 6 niveau 2<\/td>\n<td width=\"156\">Exigences physiques et photom\u00e9triques<\/td>\n<td colspan=\"2\" width=\"303\">Selon la norme BS EN ISO 20471<\/td>\n<\/tr>\n<\/tbody>\n<\/table>\n<p>[\/vc_column_text][\/vc_tta_section][vc_tta_section title=&#8221;V\u00caTEMENTS&#8221; tab_id=&#8221;1686236239562-82f8497e-52f7&#8243;][vc_column_text woodmart_inline=&#8221;no&#8221; text_larger=&#8221;no&#8221;]CONCEPTION DES V\u00caTEMENTS :<\/p>\n<p>Selon les exigences de conformit\u00e9 \u00e0 la classe 2 de la norme BS EN ISO 20471[\/vc_column_text][\/vc_tta_section][vc_tta_section title=&#8221;MARQUAGE ET \u00c9TIQUETAGE&#8221; tab_id=&#8221;1776780815206-6a4f8a52-dcfd&#8221;][vc_column_text woodmart_inline=&#8221;no&#8221; text_larger=&#8221;no&#8221;]MARQUAGE :<\/p>\n<p><a href=\"https:\/\/lenard.tech\/wp-content\/uploads\/2024\/12\/Imagen2.png\"><img loading=\"lazy\" decoding=\"async\" class=\"alignnone size-full wp-image-19286\" src=\"https:\/\/lenard.tech\/wp-content\/uploads\/2024\/12\/Imagen2.png\" alt=\"\" width=\"110\" height=\"108\" \/><\/a>[\/vc_column_text][\/vc_tta_section][\/vc_tta_tabs][\/vc_column][\/vc_row]<\/p>\n<\/section>","protected":false},"excerpt":{"rendered":"<p><strong>V\u00caTEMENTS HAUTE VISIBILIT\u00c9<\/strong><\/p>\n","protected":false},"featured_media":0,"comment_status":"open","ping_status":"closed","template":"","meta":{"_mi_skip_tracking":false,"_monsterinsights_sitenote_active":false,"_monsterinsights_sitenote_note":"","_monsterinsights_sitenote_category":0},"product_cat":[884],"product_tag":[],"class_list":["post-20220","product","type-product","status-publish","hentry","product_cat-norme"],"acf":[],"_links":{"self":[{"href":"https:\/\/lenard.tech\/fr\/wp-json\/wp\/v2\/product\/20220","targetHints":{"allow":["GET"]}}],"collection":[{"href":"https:\/\/lenard.tech\/fr\/wp-json\/wp\/v2\/product"}],"about":[{"href":"https:\/\/lenard.tech\/fr\/wp-json\/wp\/v2\/types\/product"}],"replies":[{"embeddable":true,"href":"https:\/\/lenard.tech\/fr\/wp-json\/wp\/v2\/comments?post=20220"}],"wp:attachment":[{"href":"https:\/\/lenard.tech\/fr\/wp-json\/wp\/v2\/media?parent=20220"}],"wp:term":[{"taxonomy":"product_cat","embeddable":true,"href":"https:\/\/lenard.tech\/fr\/wp-json\/wp\/v2\/product_cat?post=20220"},{"taxonomy":"product_tag","embeddable":true,"href":"https:\/\/lenard.tech\/fr\/wp-json\/wp\/v2\/product_tag?post=20220"}],"curies":[{"name":"wp","href":"https:\/\/api.w.org\/{rel}","templated":true}]}}